{"id":1405,"date":"2024-05-31T09:06:59","date_gmt":"2024-05-31T09:06:59","guid":{"rendered":"http:\/\/divotecosmetics.com\/shop\/Bez%20kategorije\/black-rice-serum-30ml\/"},"modified":"2026-01-26T13:50:50","modified_gmt":"2026-01-26T12:50:50","slug":"haruharu-wonder-serum-s-crnom-rizom-30-ml","status":"publish","type":"product","link":"https:\/\/divotecosmetics.com\/hr\/shop\/njega-koze\/haruharu-wonder-serum-s-crnom-rizom-30-ml\/","title":{"rendered":"Haruharu Wonder serum s crnom ri\u017eom 30 ml"},"content":{"rendered":"<p>Haruharu Wonder Black Rice Serum sadr\u017ei mje\u0161avinu ekstrakata fermentirane crne ri\u017ee i izdanaka bambusa. Pri svakodnevnoj upotrebi poti\u010de za\u0161titu ko\u017ee va\u0161eg lica zahvaljuju\u0107i sastojcima bogatim antioksidansima.<\/p>\n<p>&nbsp;<\/p>\n<p>Na lice o\u010di\u0161\u0107eno tonikom, nanijeti odgovaraju\u0107u koli\u010dinu seruma i nje\u017eno tapkati da se upije u ko\u017eu.<\/p>\n","protected":false},"excerpt":{"rendered":"<p><a href=\"https:\/\/divotecosmetics.com\/hr\/brands\/haruharu\/\">Haruharu<\/a> Wonder Black Rice Serum sadr\u017ei mje\u0161avinu ekstrakata fermentirane crne ri\u017ee i izdanaka bambusa. Pri svakodnevnoj upotrebi poti\u010de <a href=\"https:\/\/divotecosmetics.com\/hr\/kategorija-proizvoda\/njega-koze\/\">za\u0161titu ko\u017ee<\/a> va\u0161eg lica zahvaljuju\u0107i sastojcima bogatim antioksidansima.<\/p>\n","protected":false},"featured_media":3088,"comment_status":"open","ping_status":"closed","template":"","meta":{"_acf_changed":false,"_seopress_robots_primary_cat":"none","_seopress_titles_title":"Black Rice Serum 30ml - Serum za Lice -Divote Cosmetics","_seopress_titles_desc":"Black Rice Serum brenda Haruharu sadr\u017ei mje\u0161avinu ekstrakata fermentirane crne ri\u017ee i izdanaka bambusa. Poti\u010de za\u0161titu ko\u017ee va\u0161eg lica","_seopress_robots_index":"","inline_featured_image":false},"product_brand":[],"product_cat":[94],"product_tag":[],"class_list":{"0":"post-1405","1":"product","2":"type-product","3":"status-publish","4":"has-post-thumbnail","6":"product_cat-njega-koze","7":"pa_brands-haruharu","8":"pa_ingredients-beta-glucan-hr","9":"pa_ingredients-black-rice-hr","10":"pa_ingredients-hyaluronic-acid-hr","11":"pa_product-type-serum-hr","12":"pa_skin-concerns-hydration-hr","13":"pa_skin-type-oily-skin-hr","14":"pa_skin-type-normal-skin-hr","15":"pa_skin-type-sensitive-skin-hr","16":"pa_skin-type-dry-skin-hr","17":"pa_skin-type-all-skin-types-hr","18":"pa_skin-type-mature-skin-hr","20":"first","21":"outofstock","22":"taxable","23":"shipping-taxable","24":"purchasable","25":"product-type-simple"},"acf":[],"_links":{"self":[{"href":"https:\/\/divotecosmetics.com\/hr\/wp-json\/wp\/v2\/product\/1405","targetHints":{"allow":["GET"]}}],"collection":[{"href":"https:\/\/divotecosmetics.com\/hr\/wp-json\/wp\/v2\/product"}],"about":[{"href":"https:\/\/divotecosmetics.com\/hr\/wp-json\/wp\/v2\/types\/product"}],"replies":[{"embeddable":true,"href":"https:\/\/divotecosmetics.com\/hr\/wp-json\/wp\/v2\/comments?post=1405"}],"wp:featuredmedia":[{"embeddable":true,"href":"https:\/\/divotecosmetics.com\/hr\/wp-json\/wp\/v2\/media\/3088"}],"wp:attachment":[{"href":"https:\/\/divotecosmetics.com\/hr\/wp-json\/wp\/v2\/media?parent=1405"}],"wp:term":[{"taxonomy":"product_brand","embeddable":true,"href":"https:\/\/divotecosmetics.com\/hr\/wp-json\/wp\/v2\/product_brand?post=1405"},{"taxonomy":"product_cat","embeddable":true,"href":"https:\/\/divotecosmetics.com\/hr\/wp-json\/wp\/v2\/product_cat?post=1405"},{"taxonomy":"product_tag","embeddable":true,"href":"https:\/\/divotecosmetics.com\/hr\/wp-json\/wp\/v2\/product_tag?post=1405"}],"curies":[{"name":"wp","href":"https:\/\/api.w.org\/{rel}","templated":true}]}}