{"id":1404,"date":"2024-05-31T09:13:16","date_gmt":"2024-05-31T09:13:16","guid":{"rendered":"http:\/\/divotecosmetics.com\/shop\/Bez%20kategorije\/black-rice-facial-oil-30ml\/"},"modified":"2026-03-20T12:23:00","modified_gmt":"2026-03-20T11:23:00","slug":"haruharu-wonder-ulje-za-lice-s-crnom-rizom-30-ml","status":"publish","type":"product","link":"https:\/\/divotecosmetics.com\/hr\/shop\/njega-koze\/haruharu-wonder-ulje-za-lice-s-crnom-rizom-30-ml\/","title":{"rendered":"Haruharu Wonder ulje za lice s crnom ri\u017eom 30 ml"},"content":{"rendered":"<p>&nbsp;<\/p>\n<p>&nbsp;<\/p>\n<p>Ulje lagane teksture, savr\u0161eno izbalansirano i nevjerojatno brzo upijaju\u0107e. Ova jedinstvena fermentacijska formula transformira sirove sastojke u fleksibilniju konfiguraciju kako bi ko\u017ea bolje upila. Formula je usmjerena na sna\u017enu apsorpciju koriste\u0107i patentiranu tehnologiju &#8211; stvorenu da aktivni sastojci duboko prodru u ko\u017eu.<\/p>\n<p>Izvrsno za sve tipove ko\u017ee, uklju\u010duju\u0107i one koji ne vole osje\u0107aj te\u017eih ulja.<\/p>\n<p>&nbsp;<\/p>\n<p>&nbsp;<\/p>\n","protected":false},"excerpt":{"rendered":"<p><strong data-start=\"420\" data-end=\"439\"><span class=\"BZ_Pyq_fadeIn\">Posebna <\/span><span class=\"BZ_Pyq_fadeIn\">ponuda!<\/span><\/strong> <span class=\"BZ_Pyq_fadeIn\">Ovaj <\/span><span class=\"BZ_Pyq_fadeIn\">proizvod <\/span><span class=\"BZ_Pyq_fadeIn\">je <\/span><span class=\"BZ_Pyq_fadeIn\">dostupan <\/span><span class=\"BZ_Pyq_fadeIn\">po <\/span><span class=\"BZ_Pyq_fadeIn\">sni\u017eenoj <\/span><span class=\"BZ_Pyq_fadeIn\">cijeni <\/span><span class=\"BZ_Pyq_fadeIn\">zbog <\/span><span class=\"BZ_Pyq_fadeIn\">kra\u0107eg <\/span><span class=\"BZ_Pyq_fadeIn\">roka <\/span><span class=\"BZ_Pyq_fadeIn\">trajanja <strong>(19.04.2026<\/strong><\/span><span class=\"BZ_Pyq_fadeIn\"><strong>)<\/strong>. <\/span><span class=\"BZ_Pyq_fadeIn\">Proizvod <\/span><span class=\"BZ_Pyq_fadeIn\">je <\/span><span class=\"BZ_Pyq_fadeIn\">potpuno <\/span><span class=\"BZ_Pyq_fadeIn\">siguran <\/span><span class=\"BZ_Pyq_fadeIn\">za <\/span><span class=\"BZ_Pyq_fadeIn\">kori\u0161tenje <\/span><span class=\"BZ_Pyq_fadeIn\">do <\/span><span class=\"BZ_Pyq_fadeIn\">navedenog <\/span><span class=\"BZ_Pyq_fadeIn\">datuma.<\/span><br data-start=\"588\" data-end=\"591\" \/><strong data-start=\"593\" data-end=\"636\"><span class=\"BZ_Pyq_fadeIn\">Ograni\u010dena <\/span><span class=\"BZ_Pyq_fadeIn\">koli\u010dina \u2013 <\/span><span class=\"BZ_Pyq_fadeIn\">po\u017euri <\/span><span class=\"BZ_Pyq_fadeIn\">s <\/span><span class=\"BZ_Pyq_fadeIn\">kupnjom!<\/span><\/strong><\/p>\n<p>&nbsp;<\/p>\n<p>&nbsp;<\/p>\n<p>Ulje lagane teksture, savr\u0161eno izbalansirano i nevjerojatno brzo upijaju\u0107e. Ova jedinstvena fermentacijska formula transformira sirove sastojke u fleksibilniju konfiguraciju kako bi <a href=\"https:\/\/divotecosmetics.com\/hr\/kada-pricamo-o-njezi-koze-birajte-optimalno-a-ne-viralno\/\">ko\u017ea<\/a> bolje upila. Proizvod brenda <a href=\"https:\/\/divotecosmetics.com\/hr\/predstavljamo-haruharu-wonder-jos-bolja-prirodna-njega-koze\/\">Haruharu<\/a>.<\/p>\n","protected":false},"featured_media":3090,"comment_status":"open","ping_status":"closed","template":"","meta":{"_acf_changed":false,"_seopress_robots_primary_cat":"none","_seopress_titles_title":"Black Rice Facial Oil 30ml - Haruharu - Divote Cosmetics","_seopress_titles_desc":"Black Rice Facial Oil brenda Haruharu je ulje lagane teksture, savr\u0161eno izbalansirano i nevjerojatno brzo upijaju\u0107e. Dolazi u pakiranju od 30 ml","_seopress_robots_index":"","inline_featured_image":false},"product_brand":[],"product_cat":[94],"product_tag":[],"class_list":{"0":"post-1404","1":"product","2":"type-product","3":"status-publish","4":"has-post-thumbnail","6":"product_cat-njega-koze","7":"pa_brands-haruharu","8":"pa_ingredients-black-rice-hr","9":"pa_product-type-hidratacija","10":"pa_skin-type-oily-skin-hr","11":"pa_skin-type-normal-skin-hr","12":"pa_skin-type-sensitive-skin-hr","13":"pa_skin-type-dry-skin-hr","14":"pa_skin-type-all-skin-types-hr","15":"pa_skin-type-mature-skin-hr","17":"first","18":"instock","19":"taxable","20":"shipping-taxable","21":"purchasable","22":"product-type-simple"},"acf":[],"_links":{"self":[{"href":"https:\/\/divotecosmetics.com\/hr\/wp-json\/wp\/v2\/product\/1404","targetHints":{"allow":["GET"]}}],"collection":[{"href":"https:\/\/divotecosmetics.com\/hr\/wp-json\/wp\/v2\/product"}],"about":[{"href":"https:\/\/divotecosmetics.com\/hr\/wp-json\/wp\/v2\/types\/product"}],"replies":[{"embeddable":true,"href":"https:\/\/divotecosmetics.com\/hr\/wp-json\/wp\/v2\/comments?post=1404"}],"wp:featuredmedia":[{"embeddable":true,"href":"https:\/\/divotecosmetics.com\/hr\/wp-json\/wp\/v2\/media\/3090"}],"wp:attachment":[{"href":"https:\/\/divotecosmetics.com\/hr\/wp-json\/wp\/v2\/media?parent=1404"}],"wp:term":[{"taxonomy":"product_brand","embeddable":true,"href":"https:\/\/divotecosmetics.com\/hr\/wp-json\/wp\/v2\/product_brand?post=1404"},{"taxonomy":"product_cat","embeddable":true,"href":"https:\/\/divotecosmetics.com\/hr\/wp-json\/wp\/v2\/product_cat?post=1404"},{"taxonomy":"product_tag","embeddable":true,"href":"https:\/\/divotecosmetics.com\/hr\/wp-json\/wp\/v2\/product_tag?post=1404"}],"curies":[{"name":"wp","href":"https:\/\/api.w.org\/{rel}","templated":true}]}}