{"id":1402,"date":"2024-05-31T09:27:01","date_gmt":"2024-05-31T09:27:01","guid":{"rendered":"http:\/\/divotecosmetics.com\/shop\/Bez%20kategorije\/black-rice-hyaluronic-anti-wrinkle-serum-50ml\/"},"modified":"2026-02-02T08:47:26","modified_gmt":"2026-02-02T07:47:26","slug":"haruharu-wonder-hijaluronski-anti-age-serum-s-crnom-rizom-50-ml","status":"publish","type":"product","link":"https:\/\/divotecosmetics.com\/hr\/shop\/njega-koze\/haruharu-wonder-hijaluronski-anti-age-serum-s-crnom-rizom-50-ml\/","title":{"rendered":"Haruharu Wonder hijaluronski anti-age serum s crnom ri\u017eom 50 ml"},"content":{"rendered":"<p>Tanki, vodenasti krem koji se mo\u017ee koristiti kao tretman za bore ili po\u010detne znakove bora. Zahvaljuju\u0107i visokoj koncentraciji djelatnih tvari, upotrebom ovog seruma u\u010dinak za lice bit \u0107e vi\u0161estruko ja\u010di i br\u017ei nego kod uobi\u010dajene kreme za lice.<\/p>\n<p>Ova jedinstvena fermentacijska formula transformira sirove sastojke u fleksibilniju konfiguraciju kako bi ko\u017ea bolje upila. Formula je usmjerena na sna\u017enu apsorpciju koriste\u0107i patentiranu tehnologiju &#8211; stvorenu da aktivni sastojci duboko prodru u <a href=\"https:\/\/divotecosmetics.com\/hr\/kategorija-proizvoda\/njega-koze\/\">ko\u017eu<\/a>. Proizvod brenda <a href=\"https:\/\/divotecosmetics.com\/hr\/brands\/haruharu\/\">Haruharu<\/a><\/p>\n<p>&nbsp;<\/p>\n<p>&nbsp;<\/p>\n","protected":false},"excerpt":{"rendered":"<p>Tanki, vodenasti krem koji se mo\u017ee koristiti kao tretman za bore ili po\u010detne znakove bora. Zahvaljuju\u0107i visokoj koncentraciji djelatnih tvari, upotrebom ovog seruma u\u010dinak za lice bit \u0107e vi\u0161estruko ja\u010di i br\u017ei nego kod uobi\u010dajene kreme za lice.<\/p>\n","protected":false},"featured_media":3070,"comment_status":"open","ping_status":"closed","template":"","meta":{"_acf_changed":false,"_seopress_robots_primary_cat":"none","_seopress_titles_title":"Black Rice Hyaluronic Anti-wrinkle Serum - Divote Cosmetics","_seopress_titles_desc":"Black Rice Hyaluronic Anti-wrinkle Serum je tanki, vodenasti krem koji se mo\u017ee koristiti kao tretman za bore ili po\u010detne znakove bora. Pakiranje 50 ml","_seopress_robots_index":"","inline_featured_image":false},"product_brand":[],"product_cat":[94],"product_tag":[],"class_list":{"0":"post-1402","1":"product","2":"type-product","3":"status-publish","4":"has-post-thumbnail","6":"product_cat-njega-koze","7":"pa_brands-haruharu","8":"pa_ingredients-beta-glucan-hr","9":"pa_ingredients-black-rice-hr","10":"pa_ingredients-hyaluronic-acid-hr","11":"pa_product-type-serum-hr","12":"pa_skin-type-oily-skin-hr","13":"pa_skin-type-normal-skin-hr","14":"pa_skin-type-sensitive-skin-hr","15":"pa_skin-type-dry-skin-hr","16":"pa_skin-type-all-skin-types-hr","17":"pa_skin-type-mature-skin-hr","19":"first","20":"outofstock","21":"taxable","22":"shipping-taxable","23":"purchasable","24":"product-type-simple"},"acf":[],"_links":{"self":[{"href":"https:\/\/divotecosmetics.com\/hr\/wp-json\/wp\/v2\/product\/1402","targetHints":{"allow":["GET"]}}],"collection":[{"href":"https:\/\/divotecosmetics.com\/hr\/wp-json\/wp\/v2\/product"}],"about":[{"href":"https:\/\/divotecosmetics.com\/hr\/wp-json\/wp\/v2\/types\/product"}],"replies":[{"embeddable":true,"href":"https:\/\/divotecosmetics.com\/hr\/wp-json\/wp\/v2\/comments?post=1402"}],"wp:featuredmedia":[{"embeddable":true,"href":"https:\/\/divotecosmetics.com\/hr\/wp-json\/wp\/v2\/media\/3070"}],"wp:attachment":[{"href":"https:\/\/divotecosmetics.com\/hr\/wp-json\/wp\/v2\/media?parent=1402"}],"wp:term":[{"taxonomy":"product_brand","embeddable":true,"href":"https:\/\/divotecosmetics.com\/hr\/wp-json\/wp\/v2\/product_brand?post=1402"},{"taxonomy":"product_cat","embeddable":true,"href":"https:\/\/divotecosmetics.com\/hr\/wp-json\/wp\/v2\/product_cat?post=1402"},{"taxonomy":"product_tag","embeddable":true,"href":"https:\/\/divotecosmetics.com\/hr\/wp-json\/wp\/v2\/product_tag?post=1402"}],"curies":[{"name":"wp","href":"https:\/\/api.w.org\/{rel}","templated":true}]}}