{"id":1398,"date":"2024-05-31T12:00:05","date_gmt":"2024-05-31T12:00:05","guid":{"rendered":"http:\/\/divotecosmetics.com\/shop\/Bez%20kategorije\/black-rice-soft-peeling-gel\/"},"modified":"2026-01-26T13:51:29","modified_gmt":"2026-01-26T12:51:29","slug":"haruharu-wonder-njezni-piling-gel-s-crnom-rizom","status":"publish","type":"product","link":"https:\/\/divotecosmetics.com\/hr\/shop\/njega-koze\/haruharu-wonder-njezni-piling-gel-s-crnom-rizom\/","title":{"rendered":"Haruharu Wonder nje\u017eni piling gel s crnom ri\u017eom"},"content":{"rendered":"<p>Haruharu Wonder Black Rice Soft Peeling Gel ne sadr\u017ei granule za uklanjanje mrtvih stanica ko\u017ee, ve\u0107 ih omek\u0161ava i nje\u017eno odstranjuje bez nadra\u017eivanja ko\u017ee. Ko\u017ei daje <a href=\"https:\/\/divotecosmetics.com\/hr\/kako-prepoznati-clean-korejsku-kozmetiku-i-zasto-je-vazna-za-vas-cijeli-organizam\/\">gladak i svje\u017e izgled.<\/a><\/p>\n<p>&nbsp;<\/p>\n<p>&nbsp;<\/p>\n","protected":false},"excerpt":{"rendered":"<p><a href=\"https:\/\/divotecosmetics.com\/hr\/brands\/haruharu\/\">Haruharu Wonder<\/a> Black Rice Soft Peeling Gel ne sadr\u017ei granule za uklanjanje mrtvih stanica ko\u017ee, ve\u0107 ih omek\u0161ava i nje\u017eno odstranjuje bez nadra\u017eivanja ko\u017ee. Ko\u017ei daje gladak i svje\u017e izgled.<\/p>\n","protected":false},"featured_media":3074,"comment_status":"open","ping_status":"closed","template":"","meta":{"_acf_changed":false,"_seopress_robots_primary_cat":"none","_seopress_titles_title":"Black Rice Soft Peeling Gel - Piling za lice - Divote","_seopress_titles_desc":"Black Rice Soft Peeling Gel brenda Haruharu Wonder ne sadr\u017ei granule za uklanjanje mrtvih stanica ko\u017ee, ve\u0107 ih omek\u0161ava i nje\u017eno odstranjuje.","_seopress_robots_index":"","inline_featured_image":false},"product_brand":[],"product_cat":[94],"product_tag":[],"class_list":{"0":"post-1398","1":"product","2":"type-product","3":"status-publish","4":"has-post-thumbnail","6":"product_cat-njega-koze","7":"pa_brands-haruharu","8":"pa_ingredients-black-rice-hr","9":"pa_product-type-eksfolijacija","10":"pa_skin-concerns-pore-care-hr","11":"pa_skin-type-oily-skin-hr","12":"pa_skin-type-normal-skin-hr","13":"pa_skin-type-sensitive-skin-hr","14":"pa_skin-type-dry-skin-hr","15":"pa_skin-type-all-skin-types-hr","16":"pa_skin-type-mature-skin-hr","18":"first","19":"outofstock","20":"taxable","21":"shipping-taxable","22":"purchasable","23":"product-type-simple"},"acf":[],"_links":{"self":[{"href":"https:\/\/divotecosmetics.com\/hr\/wp-json\/wp\/v2\/product\/1398","targetHints":{"allow":["GET"]}}],"collection":[{"href":"https:\/\/divotecosmetics.com\/hr\/wp-json\/wp\/v2\/product"}],"about":[{"href":"https:\/\/divotecosmetics.com\/hr\/wp-json\/wp\/v2\/types\/product"}],"replies":[{"embeddable":true,"href":"https:\/\/divotecosmetics.com\/hr\/wp-json\/wp\/v2\/comments?post=1398"}],"wp:featuredmedia":[{"embeddable":true,"href":"https:\/\/divotecosmetics.com\/hr\/wp-json\/wp\/v2\/media\/3074"}],"wp:attachment":[{"href":"https:\/\/divotecosmetics.com\/hr\/wp-json\/wp\/v2\/media?parent=1398"}],"wp:term":[{"taxonomy":"product_brand","embeddable":true,"href":"https:\/\/divotecosmetics.com\/hr\/wp-json\/wp\/v2\/product_brand?post=1398"},{"taxonomy":"product_cat","embeddable":true,"href":"https:\/\/divotecosmetics.com\/hr\/wp-json\/wp\/v2\/product_cat?post=1398"},{"taxonomy":"product_tag","embeddable":true,"href":"https:\/\/divotecosmetics.com\/hr\/wp-json\/wp\/v2\/product_tag?post=1398"}],"curies":[{"name":"wp","href":"https:\/\/api.w.org\/{rel}","templated":true}]}}