{"id":1397,"date":"2024-05-31T12:27:15","date_gmt":"2024-05-31T12:27:15","guid":{"rendered":"http:\/\/divotecosmetics.com\/shop\/Bez%20kategorije\/black-rice-moisture-5-5-soft-cleansing-gel-100ml\/"},"modified":"2026-01-28T09:12:52","modified_gmt":"2026-01-28T08:12:52","slug":"haruharu-wonder-njezni-gel-za-ciscenje-lica-s-crnom-rizom-ph-5-5-100-ml","status":"publish","type":"product","link":"https:\/\/divotecosmetics.com\/hr\/shop\/njega-koze\/haruharu-wonder-njezni-gel-za-ciscenje-lica-s-crnom-rizom-ph-5-5-100-ml\/","title":{"rendered":"Haruharu Wonder nje\u017eni gel za \u010di\u0161\u0107enje lica s crnom ri\u017eom pH 5.5 100 ml"},"content":{"rendered":"<p>Zbog uravnote\u017eene pH vrijednosti (5.5 \u00b10.5), Black Rice Moisture 5.5 Soft Cleasing Gel prikladan je za pranje lica. Sadr\u017ei prirodni surfaktant podrijetlom iz kokosovog ulja. Uklanja ne\u010disto\u0107e, dok istovremeno ne nadra\u017euje osjetljivu ko\u017eu. Ko\u017eu ostavlja osvje\u017eenom i hidriranom. Proizvod brenda <a href=\"https:\/\/divotecosmetics.com\/hr\/brands\/haruharu\/\">Haruharu Wonder.<\/a><\/p>\n<p>&nbsp;<\/p>\n<p>Nanijeti dovoljnu koli\u010dinu gela na vla\u017ene dlanove i zapjeniti. Pjenu nanijeti na lice kru\u017enim pokretima. Temeljito isprati vodom.<\/p>\n","protected":false},"excerpt":{"rendered":"<p>Zbog uravnote\u017eene pH vrijednosti (5.5 \u00b10.5), Black Rice Moisture 5.5 Soft Cleasing Gel prikladan je za pranje lica. Sadr\u017ei prirodni surfaktant podrijetlom iz kokosovog ulja. Uklanja ne\u010disto\u0107e, dok istovremeno ne nadra\u017euje <a href=\"https:\/\/divotecosmetics.com\/hr\/skin-type\/sensitive-skin-hr\/?yith_wcan=1&#038;orderby=popularity&#038;product_cat=njega-koze\">osjetljivu ko\u017eu<\/a>. Ko\u017eu ostavlja osvje\u017eenom i hidriranom. Proizvod brenda <a href=\"https:\/\/divotecosmetics.com\/hr\/predstavljamo-haruharu-wonder-jos-bolja-prirodna-njega-koze\/\">Haruharu.<\/a><\/p>\n","protected":false},"featured_media":3051,"comment_status":"open","ping_status":"closed","template":"","meta":{"_acf_changed":false,"_seopress_robots_primary_cat":"none","_seopress_titles_title":"Black Rice Moisture 5.5 Soft Cleansing Gel 100ml - Divote","_seopress_titles_desc":"Black Rice Moisture 5.5 Soft Cleansing Gel 100ml zbog uravnote\u017eene pH vrijednosti (5.5 \u00b10.5), prikladan je za pranje lica.","_seopress_robots_index":"","inline_featured_image":false},"product_brand":[],"product_cat":[94],"product_tag":[],"class_list":{"0":"post-1397","1":"product","2":"type-product","3":"status-publish","4":"has-post-thumbnail","6":"product_cat-njega-koze","7":"pa_brands-haruharu","8":"pa_ingredients-beta-glucan-hr","9":"pa_ingredients-black-rice-hr","10":"pa_product-type-cistac-na-bazi-vode","11":"pa_skin-concerns-pore-care-hr","12":"pa_skin-type-oily-skin-hr","13":"pa_skin-type-normal-skin-hr","14":"pa_skin-type-sensitive-skin-hr","15":"pa_skin-type-dry-skin-hr","16":"pa_skin-type-all-skin-types-hr","17":"pa_skin-type-mature-skin-hr","19":"first","20":"instock","21":"taxable","22":"shipping-taxable","23":"purchasable","24":"product-type-simple"},"acf":[],"_links":{"self":[{"href":"https:\/\/divotecosmetics.com\/hr\/wp-json\/wp\/v2\/product\/1397","targetHints":{"allow":["GET"]}}],"collection":[{"href":"https:\/\/divotecosmetics.com\/hr\/wp-json\/wp\/v2\/product"}],"about":[{"href":"https:\/\/divotecosmetics.com\/hr\/wp-json\/wp\/v2\/types\/product"}],"replies":[{"embeddable":true,"href":"https:\/\/divotecosmetics.com\/hr\/wp-json\/wp\/v2\/comments?post=1397"}],"wp:featuredmedia":[{"embeddable":true,"href":"https:\/\/divotecosmetics.com\/hr\/wp-json\/wp\/v2\/media\/3051"}],"wp:attachment":[{"href":"https:\/\/divotecosmetics.com\/hr\/wp-json\/wp\/v2\/media?parent=1397"}],"wp:term":[{"taxonomy":"product_brand","embeddable":true,"href":"https:\/\/divotecosmetics.com\/hr\/wp-json\/wp\/v2\/product_brand?post=1397"},{"taxonomy":"product_cat","embeddable":true,"href":"https:\/\/divotecosmetics.com\/hr\/wp-json\/wp\/v2\/product_cat?post=1397"},{"taxonomy":"product_tag","embeddable":true,"href":"https:\/\/divotecosmetics.com\/hr\/wp-json\/wp\/v2\/product_tag?post=1397"}],"curies":[{"name":"wp","href":"https:\/\/api.w.org\/{rel}","templated":true}]}}