{"id":1396,"date":"2024-05-31T12:37:43","date_gmt":"2024-05-31T12:37:43","guid":{"rendered":"http:\/\/divotecosmetics.com\/shop\/Bez%20kategorije\/black-rice-moisture-deep-cleansing-oil-150ml\/"},"modified":"2026-03-20T14:50:32","modified_gmt":"2026-03-20T13:50:32","slug":"haruharu-wonder-dubinsko-ulje-za-ciscenje-s-crnom-rizom-150-ml","status":"publish","type":"product","link":"https:\/\/divotecosmetics.com\/hr\/shop\/njega-koze\/haruharu-wonder-dubinsko-ulje-za-ciscenje-s-crnom-rizom-150-ml\/","title":{"rendered":"Haruharu Wonder dubinsko ulje za \u010di\u0161\u0107enje s crnom ri\u017eom 150 ml"},"content":{"rendered":"<p>&nbsp;<\/p>\n<p>&nbsp;<\/p>\n<p>Hidratantni i nje\u017eno dubinski uljni \u010dista\u010d za svakodnevnu upotrebu. Bez iritacija za o\u010di i ko\u017eu napravljeno s 100% prirodnim uljima i 9 esencijalnih sastojaka. Ostavlja ko\u017eu hidratiziranom bez osje\u0107aja masno\u0107e. Proizvod brenda <a href=\"https:\/\/divotecosmetics.com\/hr\/brands\/haruharu\/\">Haruharu<\/a>. Pro\u010ditajte na\u0161 blog o <a href=\"https:\/\/divotecosmetics.com\/hr\/predstavljamo-haruharu-wonder-jos-bolja-prirodna-njega-koze\/\">Haruharu<\/a><\/p>\n<p>&nbsp;<\/p>\n<p>Uljni \u010dista\u010d koji \u0107e ukloniti sve ne\u010disto\u0107e koje su se nakupile na ko\u017ei i u porama tijekom dana ili no\u0107i, ostavljaju\u0107i lice savr\u0161eno \u010distim i spremnim za daljnju njegu.<\/p>\n<p>&nbsp;<\/p>\n<p>&nbsp;<\/p>\n","protected":false},"excerpt":{"rendered":"<p><strong data-start=\"420\" data-end=\"439\"><span class=\"BZ_Pyq_fadeIn\">Posebna <\/span><span class=\"BZ_Pyq_fadeIn\">ponuda!<\/span><\/strong> <span class=\"BZ_Pyq_fadeIn\">Ovaj <\/span><span class=\"BZ_Pyq_fadeIn\">proizvod <\/span><span class=\"BZ_Pyq_fadeIn\">je <\/span><span class=\"BZ_Pyq_fadeIn\">dostupan <\/span><span class=\"BZ_Pyq_fadeIn\">po <\/span><span class=\"BZ_Pyq_fadeIn\">sni\u017eenoj <\/span><span class=\"BZ_Pyq_fadeIn\">cijeni <\/span><span class=\"BZ_Pyq_fadeIn\">zbog <\/span><span class=\"BZ_Pyq_fadeIn\">kra\u0107eg <\/span><span class=\"BZ_Pyq_fadeIn\">roka <\/span><span class=\"BZ_Pyq_fadeIn\">trajanja <strong>(06.09.2026<\/strong><\/span><span class=\"BZ_Pyq_fadeIn\"><strong>)<\/strong>. <\/span><span class=\"BZ_Pyq_fadeIn\">Proizvod <\/span><span class=\"BZ_Pyq_fadeIn\">je <\/span><span class=\"BZ_Pyq_fadeIn\">potpuno <\/span><span class=\"BZ_Pyq_fadeIn\">siguran <\/span><span class=\"BZ_Pyq_fadeIn\">za <\/span><span class=\"BZ_Pyq_fadeIn\">kori\u0161tenje <\/span><span class=\"BZ_Pyq_fadeIn\">do <\/span><span class=\"BZ_Pyq_fadeIn\">navedenog <\/span><span class=\"BZ_Pyq_fadeIn\">datuma.<\/span><br data-start=\"588\" data-end=\"591\" \/><strong data-start=\"593\" data-end=\"636\"><span class=\"BZ_Pyq_fadeIn\">Ograni\u010dena <\/span><span class=\"BZ_Pyq_fadeIn\">koli\u010dina \u2013 <\/span><span class=\"BZ_Pyq_fadeIn\">po\u017euri <\/span><span class=\"BZ_Pyq_fadeIn\">s <\/span><span class=\"BZ_Pyq_fadeIn\">kupnjom!<\/span><\/strong><\/p>\n<p>&nbsp;<\/p>\n<p>&nbsp;<\/p>\n<p>Hidratantni i nje\u017eno dubinski uljni \u010dista\u010d za svakodnevnu upotrebu. Bez iritacija za o\u010di i ko\u017eu napravljeno s 100% prirodnim uljima i 9 esencijalnih sastojaka. Ostavlja ko\u017eu <a href=\"https:\/\/divotecosmetics.com\/hr\/product-type\/hidratacija\/?yith_wcan=1&#038;orderby=popularity&#038;product_cat=njega-koze\">hidratiziranom<\/a> bez osje\u0107aja masno\u0107e.<\/p>\n","protected":false},"featured_media":3059,"comment_status":"open","ping_status":"closed","template":"","meta":{"_acf_changed":false,"_seopress_robots_primary_cat":"none","_seopress_titles_title":"Black Rice Moisture Deep Cleansing Oil 150ml - Divote","_seopress_titles_desc":"Black Rice Moisture Deep Cleansing Oil 150ml je hidratantni i nje\u017eno dubinski uljni \u010dista\u010d za svakodnevnu upotrebu. Napravljeno s 100% prirodnim..","_seopress_robots_index":"","inline_featured_image":false},"product_brand":[],"product_cat":[94],"product_tag":[],"class_list":{"0":"post-1396","1":"product","2":"type-product","3":"status-publish","4":"has-post-thumbnail","6":"product_cat-njega-koze","7":"pa_brands-haruharu","8":"pa_ingredients-black-rice-hr","9":"pa_product-type-uljni-cistac","10":"pa_skin-concerns-pore-care-hr","11":"pa_skin-type-oily-skin-hr","12":"pa_skin-type-normal-skin-hr","13":"pa_skin-type-sensitive-skin-hr","14":"pa_skin-type-dry-skin-hr","15":"pa_skin-type-all-skin-types-hr","16":"pa_skin-type-mature-skin-hr","18":"first","19":"instock","20":"taxable","21":"shipping-taxable","22":"purchasable","23":"product-type-simple"},"acf":[],"_links":{"self":[{"href":"https:\/\/divotecosmetics.com\/hr\/wp-json\/wp\/v2\/product\/1396","targetHints":{"allow":["GET"]}}],"collection":[{"href":"https:\/\/divotecosmetics.com\/hr\/wp-json\/wp\/v2\/product"}],"about":[{"href":"https:\/\/divotecosmetics.com\/hr\/wp-json\/wp\/v2\/types\/product"}],"replies":[{"embeddable":true,"href":"https:\/\/divotecosmetics.com\/hr\/wp-json\/wp\/v2\/comments?post=1396"}],"wp:featuredmedia":[{"embeddable":true,"href":"https:\/\/divotecosmetics.com\/hr\/wp-json\/wp\/v2\/media\/3059"}],"wp:attachment":[{"href":"https:\/\/divotecosmetics.com\/hr\/wp-json\/wp\/v2\/media?parent=1396"}],"wp:term":[{"taxonomy":"product_brand","embeddable":true,"href":"https:\/\/divotecosmetics.com\/hr\/wp-json\/wp\/v2\/product_brand?post=1396"},{"taxonomy":"product_cat","embeddable":true,"href":"https:\/\/divotecosmetics.com\/hr\/wp-json\/wp\/v2\/product_cat?post=1396"},{"taxonomy":"product_tag","embeddable":true,"href":"https:\/\/divotecosmetics.com\/hr\/wp-json\/wp\/v2\/product_tag?post=1396"}],"curies":[{"name":"wp","href":"https:\/\/api.w.org\/{rel}","templated":true}]}}