{"id":1395,"date":"2024-05-31T12:53:40","date_gmt":"2024-05-31T12:53:40","guid":{"rendered":"http:\/\/divotecosmetics.com\/shop\/Bez%20kategorije\/black-rice-hyaluronic-botanical-2gf-wonderful-ampoule-30ml\/"},"modified":"2026-03-27T11:36:49","modified_gmt":"2026-03-27T10:36:49","slug":"haruharu-wonder-ampula-s-crnom-rizom-hijaluronom-i-biljnim-2gf-kompleksom-30-ml","status":"publish","type":"product","link":"https:\/\/divotecosmetics.com\/hr\/shop\/njega-koze\/haruharu-wonder-ampula-s-crnom-rizom-hijaluronom-i-biljnim-2gf-kompleksom-30-ml\/","title":{"rendered":"Haruharu Wonder ampula s crnom ri\u017eom, hijaluronom i biljnim 2GF kompleksom 30 ml"},"content":{"rendered":"<p>&nbsp;<\/p>\n<p><a href=\"https:\/\/divotecosmetics.com\/hr\/brands\/haruharu\/\">HaruHaru<\/a> Black Rice Hyaluronic Botanical 2GF Wonderful ampule dizajnirana je za smanjenje sitnih bora, pobolj\u0161anje tonusa ko\u017ee i pove\u0107anje hidratacije. Posebno je koristan za ko\u017eu na kojoj se vide tragovi starenja. Rice 2GF je signalni protein koji podr\u017eava prirodnu proizvodnju kolagena u ko\u017ei i neophodan je za odr\u017eavanje mladolikog izgleda, teksture i zdravog sjaja ko\u017ee.<\/p>\n<p>&nbsp;<\/p>\n<p>Ovaj proizvod se preporu\u010da koristiti nakon \u010di\u0161\u0107enja i toniranja lica. Ujutro nanesite koli\u010dinu veli\u010dine zrna gra\u0161ka na cijelo lice, dok u ve\u010dernjoj rutini ravnomjerno nanesite ve\u0107u koli\u010dinu i pustite da proizvod u\u010dini svoju \u010daroliju tijekom no\u0107i.<\/p>\n<p>&nbsp;<\/p>\n<p>&nbsp;<\/p>\n","protected":false},"excerpt":{"rendered":"<p><strong data-start=\"420\" data-end=\"439\"><span class=\"BZ_Pyq_fadeIn\">Posebna <\/span><span class=\"BZ_Pyq_fadeIn\">ponuda!<\/span><\/strong> <span class=\"BZ_Pyq_fadeIn\">Ovaj <\/span><span class=\"BZ_Pyq_fadeIn\">proizvod <\/span><span class=\"BZ_Pyq_fadeIn\">je <\/span><span class=\"BZ_Pyq_fadeIn\">dostupan <\/span><span class=\"BZ_Pyq_fadeIn\">po <\/span><span class=\"BZ_Pyq_fadeIn\">sni\u017eenoj <\/span><span class=\"BZ_Pyq_fadeIn\">cijeni <\/span><span class=\"BZ_Pyq_fadeIn\">zbog <\/span><span class=\"BZ_Pyq_fadeIn\">kra\u0107eg <\/span><span class=\"BZ_Pyq_fadeIn\">roka <\/span><span class=\"BZ_Pyq_fadeIn\">trajanja<strong> (31.07.2026<\/strong><\/span><span class=\"BZ_Pyq_fadeIn\"><strong>)<\/strong>. <\/span><span class=\"BZ_Pyq_fadeIn\">Proizvod <\/span><span class=\"BZ_Pyq_fadeIn\">je <\/span><span class=\"BZ_Pyq_fadeIn\">potpuno <\/span><span class=\"BZ_Pyq_fadeIn\">siguran <\/span><span class=\"BZ_Pyq_fadeIn\">za <\/span><span class=\"BZ_Pyq_fadeIn\">kori\u0161tenje <\/span><span class=\"BZ_Pyq_fadeIn\">do <\/span><span class=\"BZ_Pyq_fadeIn\">navedenog <\/span><span class=\"BZ_Pyq_fadeIn\">datuma.<\/span><br data-start=\"588\" data-end=\"591\" \/><strong data-start=\"593\" data-end=\"636\"><span class=\"BZ_Pyq_fadeIn\">Ograni\u010dena <\/span><span class=\"BZ_Pyq_fadeIn\">koli\u010dina \u2013 <\/span><span class=\"BZ_Pyq_fadeIn\">po\u017euri <\/span><span class=\"BZ_Pyq_fadeIn\">s <\/span><span class=\"BZ_Pyq_fadeIn\">kupnjom!<\/span><\/strong><\/p>\n<p>&nbsp;<\/p>\n<p>&nbsp;<\/p>\n<p><a href=\"https:\/\/divotecosmetics.com\/hr\/predstavljamo-haruharu-wonder-jos-bolja-prirodna-njega-koze\/\">HaruHaru<\/a> Black Rice Hyaluronic Botanical 2GF Wonderful ampule dizajnirana je za smanjenje sitnih bora, pobolj\u0161anje tonusa ko\u017ee i pove\u0107anje <a href=\"https:\/\/divotecosmetics.com\/hr\/product-type\/hidratacija\/\">hidratacije<\/a>.<\/p>\n","protected":false},"featured_media":4974,"comment_status":"open","ping_status":"closed","template":"","meta":{"_acf_changed":false,"_seopress_robots_primary_cat":"none","_seopress_titles_title":"Black Rice Hyaluronic Botanical Ampoule 30ml - Divote","_seopress_titles_desc":"Black Rice Hyaluronic Botanical Ampoule 30ml je ampula dizajnirana je za smanjenje sitnih bora i pobolj\u0161anje tonusa ko\u017ee.","_seopress_robots_index":"","inline_featured_image":false},"product_brand":[],"product_cat":[94],"product_tag":[],"class_list":{"0":"post-1395","1":"product","2":"type-product","3":"status-publish","4":"has-post-thumbnail","6":"product_cat-njega-koze","7":"pa_brands-haruharu","8":"pa_ingredients-adenozin-hr","9":"pa_ingredients-black-rice-hr","10":"pa_ingredients-hyaluronic-acid-hr","11":"pa_product-type-serum-hr","12":"pa_skin-concerns-hydration-hr","13":"pa_skin-type-oily-skin-hr","14":"pa_skin-type-normal-skin-hr","15":"pa_skin-type-sensitive-skin-hr","16":"pa_skin-type-dry-skin-hr","17":"pa_skin-type-all-skin-types-hr","18":"pa_skin-type-mature-skin-hr","20":"first","21":"instock","22":"taxable","23":"shipping-taxable","24":"purchasable","25":"product-type-simple"},"acf":[],"_links":{"self":[{"href":"https:\/\/divotecosmetics.com\/hr\/wp-json\/wp\/v2\/product\/1395","targetHints":{"allow":["GET"]}}],"collection":[{"href":"https:\/\/divotecosmetics.com\/hr\/wp-json\/wp\/v2\/product"}],"about":[{"href":"https:\/\/divotecosmetics.com\/hr\/wp-json\/wp\/v2\/types\/product"}],"replies":[{"embeddable":true,"href":"https:\/\/divotecosmetics.com\/hr\/wp-json\/wp\/v2\/comments?post=1395"}],"wp:featuredmedia":[{"embeddable":true,"href":"https:\/\/divotecosmetics.com\/hr\/wp-json\/wp\/v2\/media\/4974"}],"wp:attachment":[{"href":"https:\/\/divotecosmetics.com\/hr\/wp-json\/wp\/v2\/media?parent=1395"}],"wp:term":[{"taxonomy":"product_brand","embeddable":true,"href":"https:\/\/divotecosmetics.com\/hr\/wp-json\/wp\/v2\/product_brand?post=1395"},{"taxonomy":"product_cat","embeddable":true,"href":"https:\/\/divotecosmetics.com\/hr\/wp-json\/wp\/v2\/product_cat?post=1395"},{"taxonomy":"product_tag","embeddable":true,"href":"https:\/\/divotecosmetics.com\/hr\/wp-json\/wp\/v2\/product_tag?post=1395"}],"curies":[{"name":"wp","href":"https:\/\/api.w.org\/{rel}","templated":true}]}}