{"id":1394,"date":"2024-05-31T15:20:30","date_gmt":"2024-05-31T15:20:30","guid":{"rendered":"http:\/\/divotecosmetics.com\/shop\/Bez%20kategorije\/softening-body-lotion-200ml\/"},"modified":"2026-03-16T19:10:21","modified_gmt":"2026-03-16T18:10:21","slug":"beigic-omeksavajuci-losion-za-tijelo-300-ml","status":"publish","type":"product","link":"https:\/\/divotecosmetics.com\/hr\/shop\/njega-tijela\/beigic-omeksavajuci-losion-za-tijelo-300-ml\/","title":{"rendered":"Beigic omek\u0161avaju\u0107i losion za tijelo 300ml"},"content":{"rendered":"<p><a href=\"https:\/\/divotecosmetics.com\/hr\/brands\/beigic\/\">Beigic<\/a> Softening Body Lotion je luksuzni losion za tijelo koji pru\u017ea intenzivnu hidrataciju i njegu va\u0161e ko\u017ee. Formuliran je s pa\u017eljivo odabranim prirodnim sastojcima koji \u0107e nahraniti i omek\u0161ati va\u0161u ko\u017eu, \u010dine\u0107i je glatkom, svilenkastom i podatnom.<\/p>\n<p>&nbsp;<\/p>\n<p>&nbsp;<\/p>\n","protected":false},"excerpt":{"rendered":"<p><a href=\"https:\/\/divotecosmetics.com\/hr\/moja-prica-o-clean-korejskoj-kozmetici-i-beigicu-prica-o-transformaciji-i-prijateljstvu\/\">Beigic<\/a> Softening Body Lotion je luksuzni losion za tijelo koji pru\u017ea intenzivnu <a href=\"https:\/\/divotecosmetics.com\/hr\/product-type\/hidratacija\/\">hidrataciju<\/a> i njegu va\u0161e ko\u017ee. Formuliran je s pa\u017eljivo odabranim prirodnim sastojcima koji \u0107e nahraniti i omek\u0161ati va\u0161u ko\u017eu, \u010dine\u0107i je glatkom, svilenkastom i podatnom.<\/p>\n","protected":false},"featured_media":5442,"comment_status":"open","ping_status":"closed","template":"","meta":{"_acf_changed":false,"_seopress_robots_primary_cat":"none","_seopress_titles_title":"Softening Body Lotion 300ml - Losion za tijelo - Divote","_seopress_titles_desc":"Softening Body Lotion 300ml brenda je luksuzni losion za tijelo koji pru\u017ea intenzivnu hidrataciju i njegu va\u0161e ko\u017ee. Posjetite Divote Cosmetics shop","_seopress_robots_index":"","inline_featured_image":false},"product_brand":[],"product_cat":[89],"product_tag":[],"class_list":{"0":"post-1394","1":"product","2":"type-product","3":"status-publish","4":"has-post-thumbnail","6":"product_cat-njega-tijela","7":"pa_brands-beigic","8":"pa_ingredients-panthenol-hr","9":"pa_product-type-hidratacija","10":"pa_skin-concerns-hydration-hr","11":"pa_skin-type-oily-skin-hr","12":"pa_skin-type-normal-skin-hr","13":"pa_skin-type-dry-skin-hr","14":"pa_skin-type-all-skin-types-hr","15":"pa_skin-type-mature-skin-hr","17":"first","18":"instock","19":"taxable","20":"shipping-taxable","21":"purchasable","22":"product-type-simple"},"acf":[],"_links":{"self":[{"href":"https:\/\/divotecosmetics.com\/hr\/wp-json\/wp\/v2\/product\/1394","targetHints":{"allow":["GET"]}}],"collection":[{"href":"https:\/\/divotecosmetics.com\/hr\/wp-json\/wp\/v2\/product"}],"about":[{"href":"https:\/\/divotecosmetics.com\/hr\/wp-json\/wp\/v2\/types\/product"}],"replies":[{"embeddable":true,"href":"https:\/\/divotecosmetics.com\/hr\/wp-json\/wp\/v2\/comments?post=1394"}],"wp:featuredmedia":[{"embeddable":true,"href":"https:\/\/divotecosmetics.com\/hr\/wp-json\/wp\/v2\/media\/5442"}],"wp:attachment":[{"href":"https:\/\/divotecosmetics.com\/hr\/wp-json\/wp\/v2\/media?parent=1394"}],"wp:term":[{"taxonomy":"product_brand","embeddable":true,"href":"https:\/\/divotecosmetics.com\/hr\/wp-json\/wp\/v2\/product_brand?post=1394"},{"taxonomy":"product_cat","embeddable":true,"href":"https:\/\/divotecosmetics.com\/hr\/wp-json\/wp\/v2\/product_cat?post=1394"},{"taxonomy":"product_tag","embeddable":true,"href":"https:\/\/divotecosmetics.com\/hr\/wp-json\/wp\/v2\/product_tag?post=1394"}],"curies":[{"name":"wp","href":"https:\/\/api.w.org\/{rel}","templated":true}]}}