{"id":1391,"date":"2024-05-31T15:35:29","date_gmt":"2024-05-31T15:35:29","guid":{"rendered":"http:\/\/divotecosmetics.com\/shop\/Bez%20kategorije\/aromatic-face-cleanser\/"},"modified":"2026-04-08T18:11:00","modified_gmt":"2026-04-08T16:11:00","slug":"aromaticni-cistac-za-lice","status":"publish","type":"product","link":"https:\/\/divotecosmetics.com\/hr\/shop\/njega-koze\/aromaticni-cistac-za-lice\/","title":{"rendered":"Beigic aromati\u010dni \u010dista\u010d za lice"},"content":{"rendered":"<p><strong>Aromati\u010dni \u010dista\u010d za lice Beigic <\/strong>(Beigic Aromatic Face Cleanser) je blagi, ali u\u010dinkoviti \u010dista\u010d za lice formuliran s pa\u017eljivo odabranim prirodnim sastojcima koji nje\u017eno uklanjaju ne\u010disto\u0107e s va\u0161e ko\u017ee, ostavljaju\u0107i je \u010distom, osvje\u017eenom i hidratiziranom. Ovaj luksuzni \u010dista\u010d za lice osvje\u017eava va\u0161u ko\u017eu mirisnim notama i pru\u017ea ugodno iskustvo \u010di\u0161\u0107enja.<\/p>\n<p>&nbsp;<\/p>\n<p>&nbsp;<\/p>\n","protected":false},"excerpt":{"rendered":"<p><strong data-start=\"420\" data-end=\"439\"><span class=\"BZ_Pyq_fadeIn\">Posebna <\/span><span class=\"BZ_Pyq_fadeIn\">ponuda!<\/span><\/strong> <span class=\"BZ_Pyq_fadeIn\">Ovaj <\/span><span class=\"BZ_Pyq_fadeIn\">proizvod <\/span><span class=\"BZ_Pyq_fadeIn\">je <\/span><span class=\"BZ_Pyq_fadeIn\">dostupan <\/span><span class=\"BZ_Pyq_fadeIn\">po <\/span><span class=\"BZ_Pyq_fadeIn\">sni\u017eenoj <\/span><span class=\"BZ_Pyq_fadeIn\">cijeni <\/span><span class=\"BZ_Pyq_fadeIn\">zbog <\/span><span class=\"BZ_Pyq_fadeIn\">kra\u0107eg <\/span><span class=\"BZ_Pyq_fadeIn\">roka <\/span><span class=\"BZ_Pyq_fadeIn\">trajanja<strong> (29.07.2026<\/strong><\/span><span class=\"BZ_Pyq_fadeIn\"><strong>)<\/strong>. <\/span><span class=\"BZ_Pyq_fadeIn\">Proizvod <\/span><span class=\"BZ_Pyq_fadeIn\">je <\/span><span class=\"BZ_Pyq_fadeIn\">potpuno <\/span><span class=\"BZ_Pyq_fadeIn\">siguran <\/span><span class=\"BZ_Pyq_fadeIn\">za <\/span><span class=\"BZ_Pyq_fadeIn\">kori\u0161tenje <\/span><span class=\"BZ_Pyq_fadeIn\">do <\/span><span class=\"BZ_Pyq_fadeIn\">navedenog <\/span><span class=\"BZ_Pyq_fadeIn\">datuma. Posebna ponuda odnosi se na pakiranje od 30ml.<\/span><br data-start=\"588\" data-end=\"591\" \/><strong data-start=\"593\" data-end=\"636\"><span class=\"BZ_Pyq_fadeIn\">Ograni\u010dena <\/span><span class=\"BZ_Pyq_fadeIn\">koli\u010dina \u2013 <\/span><span class=\"BZ_Pyq_fadeIn\">po\u017euri <\/span><span class=\"BZ_Pyq_fadeIn\">s <\/span><span class=\"BZ_Pyq_fadeIn\">kupnjom!<\/span><\/strong><\/p>\n<p>&nbsp;<\/p>\n<p>&nbsp;<\/p>\n<p>&nbsp;<\/p>\n<p>Aromati\u010dni \u010dista\u010d za lice (Beigic Aromatic Face Cleanser) je blagi, ali u\u010dinkoviti \u010dista\u010d za lice formuliran s <span style=\"text-decoration: underline;\"><a href=\"https:\/\/divotecosmetics.com\/hr\/moja-prica-o-clean-korejskoj-kozmetici-i-beigicu-prica-o-transformaciji-i-prijateljstvu\/\">pa\u017eljivo<\/a><\/span> odabranim prirodnim sastojcima koji nje\u017eno uklanjaju ne\u010disto\u0107e s <span style=\"text-decoration: underline;\"><a href=\"https:\/\/divotecosmetics.com\/hr\/kako-postici-blistavu-zdravu-kozu-ultimativni-vodic-by-divote-cosmetics\/\">va\u0161e ko\u017ee<\/a>, <\/span>ostavljaju\u0107i je \u010distom, osvje\u017eenom i hidratiziranom.<\/p>\n","protected":false},"featured_media":4559,"comment_status":"open","ping_status":"closed","template":"","meta":{"_acf_changed":false,"_seopress_robots_primary_cat":"none","_seopress_titles_title":"Aromati\u010dni \u010dista\u010d za lice - Beigic - Divote Cosmetics","_seopress_titles_desc":"Aromati\u010dni \u010dista\u010d za Lice Beigic - Aromatic Face Cleanser je blagi, ali u\u010dinkoviti \u010dista\u010d za lice formuliran s pa\u017eljivo odabranim prirodnim sastojcima.","_seopress_robots_index":"","inline_featured_image":false},"product_brand":[],"product_cat":[94],"product_tag":[],"class_list":{"0":"post-1391","1":"product","2":"type-product","3":"status-publish","4":"has-post-thumbnail","6":"product_cat-njega-koze","7":"pa_brands-beigic","8":"pa_ingredients-hyaluronic-acid-hr","9":"pa_product-type-cistac-na-bazi-vode","10":"pa_skin-concerns-pore-care-hr","11":"pa_skin-type-oily-skin-hr","12":"pa_skin-type-normal-skin-hr","13":"pa_skin-type-dry-skin-hr","14":"pa_skin-type-all-skin-types-hr","15":"pa_skin-type-mature-skin-hr","17":"first","18":"instock","19":"taxable","20":"shipping-taxable","21":"purchasable","22":"product-type-variable"},"acf":[],"_links":{"self":[{"href":"https:\/\/divotecosmetics.com\/hr\/wp-json\/wp\/v2\/product\/1391","targetHints":{"allow":["GET"]}}],"collection":[{"href":"https:\/\/divotecosmetics.com\/hr\/wp-json\/wp\/v2\/product"}],"about":[{"href":"https:\/\/divotecosmetics.com\/hr\/wp-json\/wp\/v2\/types\/product"}],"replies":[{"embeddable":true,"href":"https:\/\/divotecosmetics.com\/hr\/wp-json\/wp\/v2\/comments?post=1391"}],"wp:featuredmedia":[{"embeddable":true,"href":"https:\/\/divotecosmetics.com\/hr\/wp-json\/wp\/v2\/media\/4559"}],"wp:attachment":[{"href":"https:\/\/divotecosmetics.com\/hr\/wp-json\/wp\/v2\/media?parent=1391"}],"wp:term":[{"taxonomy":"product_brand","embeddable":true,"href":"https:\/\/divotecosmetics.com\/hr\/wp-json\/wp\/v2\/product_brand?post=1391"},{"taxonomy":"product_cat","embeddable":true,"href":"https:\/\/divotecosmetics.com\/hr\/wp-json\/wp\/v2\/product_cat?post=1391"},{"taxonomy":"product_tag","embeddable":true,"href":"https:\/\/divotecosmetics.com\/hr\/wp-json\/wp\/v2\/product_tag?post=1391"}],"curies":[{"name":"wp","href":"https:\/\/api.w.org\/{rel}","templated":true}]}}