{"id":1390,"date":"2024-05-31T16:07:03","date_gmt":"2024-05-31T16:07:03","guid":{"rendered":"http:\/\/divotecosmetics.com\/shop\/Bez%20kategorije\/comforting-cream-50ml\/"},"modified":"2026-04-15T08:32:00","modified_gmt":"2026-04-15T06:32:00","slug":"beigic-umirujuca-hidratantna-krema-50-ml","status":"publish","type":"product","link":"https:\/\/divotecosmetics.com\/hr\/shop\/njega-koze\/beigic-umirujuca-hidratantna-krema-50-ml\/","title":{"rendered":"BEIGIC Umiruju\u0107a hidratantna krema 50 ml"},"content":{"rendered":"<p>Beigic miruju\u0107a hidratantna krema (Comforting Cream) je luksuzna krema za lice koja pru\u017ea intenzivnu hidrataciju i njegu va\u0161e ko\u017ee. Formulirana s pa\u017eljivo odabranim prirodnim sastojcima, ova krema \u0107e nahraniti i omek\u0161ati va\u0161u ko\u017eu, \u010dine\u0107i je mekom, svilenkastom i podatnom. Ova umiruju\u0107a krema za lice pogodna je za sve tipove ko\u017ee, uklju\u010duju\u0107i i osjetljivu ko\u017eu.<\/p>\n<p>&nbsp;<\/p>\n<p>Nje\u017eno nanijeti na \u010distu ko\u017eu lica i vrata, ujutro i nave\u010der.<\/p>\n","protected":false},"excerpt":{"rendered":"<p><a href=\"https:\/\/divotecosmetics.com\/hr\/brands\/beigic\/\">Beigic<\/a> umiruju\u0107a hidratantna krema (Comforting Cream) je luksuzna krema za lice koja pru\u017ea intenzivnu <a href=\"https:\/\/divotecosmetics.com\/hr\/product-type\/hidratacija\/?yith_wcan=1&#038;orderby=popularity&#038;product_cat=njega-koze\">hidrataciju<\/a> i njegu va\u0161e ko\u017ee. Formulirana s pa\u017eljivo odabranim <a href=\"https:\/\/divotecosmetics.com\/hr\/kada-pricamo-o-njezi-koze-birajte-optimalno-a-ne-viralno\/\">prirodnim sastojcima<\/a>, ova krema \u0107e nahraniti i omek\u0161ati va\u0161u ko\u017eu, \u010dine\u0107i je mekom, svilenkastom i podatnom.<\/p>\n","protected":false},"featured_media":4572,"comment_status":"open","ping_status":"closed","template":"","meta":{"_acf_changed":false,"_seopress_robots_primary_cat":"none","_seopress_titles_title":"Umiruju\u0107a hidratantna krema - Beigic - Divote","_seopress_titles_desc":"Umiruju\u0107a hidratantna krema - Beigic comforting cream je luksuzna krema za lice koja pru\u017ea intenzivnu hidrataciju i njegu.","_seopress_robots_index":"","inline_featured_image":false},"product_brand":[],"product_cat":[94],"product_tag":[],"class_list":{"0":"post-1390","1":"product","2":"type-product","3":"status-publish","4":"has-post-thumbnail","6":"product_cat-njega-koze","7":"pa_brands-beigic","8":"pa_ingredients-centella-asiatica-hr","9":"pa_ingredients-coffee-bean-oil-hr","10":"pa_ingredients-niacinamide-hr","11":"pa_product-type-hidratacija","12":"pa_skin-concerns-hydration-hr","13":"pa_skin-type-oily-skin-hr","14":"pa_skin-type-normal-skin-hr","15":"pa_skin-type-dry-skin-hr","16":"pa_skin-type-all-skin-types-hr","17":"pa_skin-type-mature-skin-hr","19":"first","20":"instock","21":"taxable","22":"shipping-taxable","23":"purchasable","24":"product-type-simple"},"acf":[],"_links":{"self":[{"href":"https:\/\/divotecosmetics.com\/hr\/wp-json\/wp\/v2\/product\/1390","targetHints":{"allow":["GET"]}}],"collection":[{"href":"https:\/\/divotecosmetics.com\/hr\/wp-json\/wp\/v2\/product"}],"about":[{"href":"https:\/\/divotecosmetics.com\/hr\/wp-json\/wp\/v2\/types\/product"}],"replies":[{"embeddable":true,"href":"https:\/\/divotecosmetics.com\/hr\/wp-json\/wp\/v2\/comments?post=1390"}],"wp:featuredmedia":[{"embeddable":true,"href":"https:\/\/divotecosmetics.com\/hr\/wp-json\/wp\/v2\/media\/4572"}],"wp:attachment":[{"href":"https:\/\/divotecosmetics.com\/hr\/wp-json\/wp\/v2\/media?parent=1390"}],"wp:term":[{"taxonomy":"product_brand","embeddable":true,"href":"https:\/\/divotecosmetics.com\/hr\/wp-json\/wp\/v2\/product_brand?post=1390"},{"taxonomy":"product_cat","embeddable":true,"href":"https:\/\/divotecosmetics.com\/hr\/wp-json\/wp\/v2\/product_cat?post=1390"},{"taxonomy":"product_tag","embeddable":true,"href":"https:\/\/divotecosmetics.com\/hr\/wp-json\/wp\/v2\/product_tag?post=1390"}],"curies":[{"name":"wp","href":"https:\/\/api.w.org\/{rel}","templated":true}]}}