{"id":1389,"date":"2024-05-31T16:15:40","date_gmt":"2024-05-31T16:15:40","guid":{"rendered":"https:\/\/divotecosmetics.com\/shop\/Bez%20kategorije\/softening-infused-mask-75ml\/"},"modified":"2026-01-27T14:05:06","modified_gmt":"2026-01-27T13:05:06","slug":"beigic-omeksavajuca-obogacena-maska-75-ml","status":"publish","type":"product","link":"https:\/\/divotecosmetics.com\/hr\/shop\/njega-koze\/beigic-omeksavajuca-obogacena-maska-75-ml\/","title":{"rendered":"BEIGIC Omek\u0161avaju\u0107a oboga\u0107ena maska 75 ml"},"content":{"rendered":"<p>Beigic Softening Infused Mask je luksuzna maska za lice koja pru\u017ea intenzivnu hidrataciju i njegu va\u0161e ko\u017ee. Formulirana s pa\u017eljivo odabranim prirodnim sastojcima, ova maska \u0107e nahraniti i omek\u0161ati va\u0161u ko\u017eu, \u010dine\u0107i je mekom, svilenkastom i blistavom. Ova hidratantna maska je savr\u0161ena za sve tipove ko\u017ee, uklju\u010duju\u0107i i osjetljivu ko\u017eu.<\/p>\n<p>&nbsp;<\/p>\n<p>Nanijeti jednolik sloj kreme na \u010disto opranu ko\u017eu, izbjegavati podru\u010dje oko o\u010diju i usana. Ostaviti neko vrijeme, te zatim isprati s mlakom vodom.<\/p>\n","protected":false},"excerpt":{"rendered":"<p>Beigic Softening Infused Mask je luksuzna maska za lice koja pru\u017ea intenzivnu hidrataciju i njegu va\u0161e ko\u017ee. Formulirana s pa\u017eljivo odabranim prirodnim sastojcima, ova maska \u0107e nahraniti i omek\u0161ati va\u0161u ko\u017eu, \u010dine\u0107i je mekom, svilenkastom i blistavom. Ova hidratantna maska je savr\u0161ena za sve tipove ko\u017ee, uklju\u010duju\u0107i i osjetljivu ko\u017eu.<\/p>\n","protected":false},"featured_media":2469,"comment_status":"open","ping_status":"closed","template":"","meta":{"_acf_changed":false,"_seopress_robots_primary_cat":"none","_seopress_titles_title":"Beigic - Maska za Lice - Softening Infused Mask 75ml - Divote","_seopress_titles_desc":"Beigic Softening Infused Mask je luksuzna maska za lice koja pru\u017ea intenzivnu hidrataciju i njegu va\u0161e ko\u017ee.","_seopress_robots_index":"","inline_featured_image":false},"product_brand":[],"product_cat":[94],"product_tag":[],"class_list":{"0":"post-1389","1":"product","2":"type-product","3":"status-publish","4":"has-post-thumbnail","6":"product_cat-njega-koze","7":"pa_brands-beigic","8":"pa_ingredients-coffee-bean-oil-hr","9":"pa_product-type-maska","10":"pa_skin-concerns-pore-care-hr","11":"pa_skin-type-oily-skin-hr","12":"pa_skin-type-normal-skin-hr","13":"pa_skin-type-dry-skin-hr","14":"pa_skin-type-all-skin-types-hr","15":"pa_skin-type-mature-skin-hr","17":"first","18":"outofstock","19":"taxable","20":"shipping-taxable","21":"purchasable","22":"product-type-simple"},"acf":[],"_links":{"self":[{"href":"https:\/\/divotecosmetics.com\/hr\/wp-json\/wp\/v2\/product\/1389","targetHints":{"allow":["GET"]}}],"collection":[{"href":"https:\/\/divotecosmetics.com\/hr\/wp-json\/wp\/v2\/product"}],"about":[{"href":"https:\/\/divotecosmetics.com\/hr\/wp-json\/wp\/v2\/types\/product"}],"replies":[{"embeddable":true,"href":"https:\/\/divotecosmetics.com\/hr\/wp-json\/wp\/v2\/comments?post=1389"}],"wp:featuredmedia":[{"embeddable":true,"href":"https:\/\/divotecosmetics.com\/hr\/wp-json\/wp\/v2\/media\/2469"}],"wp:attachment":[{"href":"https:\/\/divotecosmetics.com\/hr\/wp-json\/wp\/v2\/media?parent=1389"}],"wp:term":[{"taxonomy":"product_brand","embeddable":true,"href":"https:\/\/divotecosmetics.com\/hr\/wp-json\/wp\/v2\/product_brand?post=1389"},{"taxonomy":"product_cat","embeddable":true,"href":"https:\/\/divotecosmetics.com\/hr\/wp-json\/wp\/v2\/product_cat?post=1389"},{"taxonomy":"product_tag","embeddable":true,"href":"https:\/\/divotecosmetics.com\/hr\/wp-json\/wp\/v2\/product_tag?post=1389"}],"curies":[{"name":"wp","href":"https:\/\/api.w.org\/{rel}","templated":true}]}}