{"id":1386,"date":"2024-05-31T17:25:22","date_gmt":"2024-05-31T17:25:22","guid":{"rendered":"https:\/\/divotecosmetics.com\/shop\/Bez%20kategorije\/volumizing-shampooing-scrub\/"},"modified":"2026-03-19T11:01:43","modified_gmt":"2026-03-19T10:01:43","slug":"beigic-volumizirajuci-piling-sampon-za-kosu","status":"publish","type":"product","link":"https:\/\/divotecosmetics.com\/hr\/shop\/njega-kose\/beigic-volumizirajuci-piling-sampon-za-kosu\/","title":{"rendered":"Beigic volumiziraju\u0107i piling-\u0161ampon za kosu"},"content":{"rendered":"<p><strong data-start=\"420\" data-end=\"439\"><span class=\"BZ_Pyq_fadeIn\">Posebna <\/span><span class=\"BZ_Pyq_fadeIn\">ponuda!<\/span><\/strong> <span class=\"BZ_Pyq_fadeIn\">Ovaj <\/span><span class=\"BZ_Pyq_fadeIn\">proizvod <\/span><span class=\"BZ_Pyq_fadeIn\">je <\/span><span class=\"BZ_Pyq_fadeIn\">dostupan <\/span><span class=\"BZ_Pyq_fadeIn\">po <\/span><span class=\"BZ_Pyq_fadeIn\">sni\u017eenoj <\/span><span class=\"BZ_Pyq_fadeIn\">cijeni <\/span><span class=\"BZ_Pyq_fadeIn\">zbog <\/span><span class=\"BZ_Pyq_fadeIn\">kra\u0107eg <\/span><span class=\"BZ_Pyq_fadeIn\">roka <\/span><span class=\"BZ_Pyq_fadeIn\">trajanja<strong> (18.05.2026<\/strong><\/span><span class=\"BZ_Pyq_fadeIn\"><strong>)<\/strong>. <\/span><span class=\"BZ_Pyq_fadeIn\">Proizvod <\/span><span class=\"BZ_Pyq_fadeIn\">je <\/span><span class=\"BZ_Pyq_fadeIn\">potpuno <\/span><span class=\"BZ_Pyq_fadeIn\">siguran <\/span><span class=\"BZ_Pyq_fadeIn\">za <\/span><span class=\"BZ_Pyq_fadeIn\">kori\u0161tenje <\/span><span class=\"BZ_Pyq_fadeIn\">do <\/span><span class=\"BZ_Pyq_fadeIn\">navedenog <\/span><span class=\"BZ_Pyq_fadeIn\">datuma. Posebna ponuda odnosi se na pakiranje od 250g.<\/span><br data-start=\"588\" data-end=\"591\" \/><strong data-start=\"593\" data-end=\"636\"><span class=\"BZ_Pyq_fadeIn\">Ograni\u010dena <\/span><span class=\"BZ_Pyq_fadeIn\">koli\u010dina \u2013 <\/span><span class=\"BZ_Pyq_fadeIn\">po\u017euri <\/span><span class=\"BZ_Pyq_fadeIn\">s <\/span><span class=\"BZ_Pyq_fadeIn\">kupnjom!<\/span><\/strong><\/p>\n<p>&nbsp;<\/p>\n<p>&nbsp;<\/p>\n<p>&nbsp;<\/p>\n<p><a href=\"https:\/\/divotecosmetics.com\/hr\/moja-prica-o-clean-korejskoj-kozmetici-i-beigicu-prica-o-transformaciji-i-prijateljstvu\/\">Beigic<\/a> Volumizing Shampooing Scrub je inovativni piling \u0161ampon koji nudi intenzivnu njegu i \u010di\u0161\u0107enje va\u0161e kose i vlasi\u0161ta. Formuliran s pa\u017eljivo odabranim prirodnim sastojcima, ovaj \u0161ampon nje\u017eno uklanja ne\u010disto\u0107e s va\u0161e kose, istovremeno poti\u010du\u0107i volumen i ostavljaju\u0107i kosu osvje\u017eenom i hidratiziranom. Ovaj luksuzni piling \u0161ampon \u0107e o\u017eivjeti va\u0161u kosu, pru\u017eaju\u0107i joj svje\u017einu i puno\u0107u.<\/p>\n<p>&nbsp;<\/p>\n<p>&nbsp;<\/p>\n","protected":false},"excerpt":{"rendered":"<p><a href=\"https:\/\/divotecosmetics.com\/hr\/brands\/beigic\/\">Beigic<\/a> Volumizing Shampooing Scrub je inovativni piling \u0161ampon koji nudi intenzivnu njegu i \u010di\u0161\u0107enje va\u0161e kose i vlasi\u0161ta. Formuliran s pa\u017eljivo odabranim prirodnim sastojcima, ovaj \u0161ampon nje\u017eno uklanja ne\u010disto\u0107e s va\u0161e kose, istovremeno poti\u010du\u0107i volumen i ostavljaju\u0107i kosu osvje\u017eenom i hidratiziranom.<\/p>\n","protected":false},"featured_media":2459,"comment_status":"open","ping_status":"closed","template":"","meta":{"_acf_changed":false,"_seopress_robots_primary_cat":"none","_seopress_titles_title":"Volumizing Shampooing Scrub - Piling \u0160ampon - Divote","_seopress_titles_desc":"Volumizing Shampooing Scrub brenda Beigic je inovativni piling \u0161ampon koji nudi intenzivnu njegu i \u010di\u0161\u0107enje va\u0161e kose i vlasi\u0161ta. Posjetite Divote shop","_seopress_robots_index":"","inline_featured_image":false},"product_brand":[],"product_cat":[103],"product_tag":[],"class_list":{"0":"post-1386","1":"product","2":"type-product","3":"status-publish","4":"has-post-thumbnail","6":"product_cat-njega-kose","7":"pa_brands-beigic","8":"pa_product-type-piling-sampon","10":"first","11":"instock","12":"taxable","13":"shipping-taxable","14":"purchasable","15":"product-type-variable"},"acf":[],"_links":{"self":[{"href":"https:\/\/divotecosmetics.com\/hr\/wp-json\/wp\/v2\/product\/1386","targetHints":{"allow":["GET"]}}],"collection":[{"href":"https:\/\/divotecosmetics.com\/hr\/wp-json\/wp\/v2\/product"}],"about":[{"href":"https:\/\/divotecosmetics.com\/hr\/wp-json\/wp\/v2\/types\/product"}],"replies":[{"embeddable":true,"href":"https:\/\/divotecosmetics.com\/hr\/wp-json\/wp\/v2\/comments?post=1386"}],"wp:featuredmedia":[{"embeddable":true,"href":"https:\/\/divotecosmetics.com\/hr\/wp-json\/wp\/v2\/media\/2459"}],"wp:attachment":[{"href":"https:\/\/divotecosmetics.com\/hr\/wp-json\/wp\/v2\/media?parent=1386"}],"wp:term":[{"taxonomy":"product_brand","embeddable":true,"href":"https:\/\/divotecosmetics.com\/hr\/wp-json\/wp\/v2\/product_brand?post=1386"},{"taxonomy":"product_cat","embeddable":true,"href":"https:\/\/divotecosmetics.com\/hr\/wp-json\/wp\/v2\/product_cat?post=1386"},{"taxonomy":"product_tag","embeddable":true,"href":"https:\/\/divotecosmetics.com\/hr\/wp-json\/wp\/v2\/product_tag?post=1386"}],"curies":[{"name":"wp","href":"https:\/\/api.w.org\/{rel}","templated":true}]}}