{"id":1382,"date":"2024-05-31T17:33:49","date_gmt":"2024-05-31T17:33:49","guid":{"rendered":"https:\/\/divotecosmetics.com\/shop\/Bez%20kategorije\/damage-repair-treatment-mask\/"},"modified":"2026-04-13T16:00:27","modified_gmt":"2026-04-13T14:00:27","slug":"beigic-tretmanska-maska-za-obnovu-ostecene-kose","status":"publish","type":"product","link":"https:\/\/divotecosmetics.com\/hr\/shop\/njega-kose\/beigic-tretmanska-maska-za-obnovu-ostecene-kose\/","title":{"rendered":"Beigic tretmanska maska za obnovu o\u0161te\u0107ene kose"},"content":{"rendered":"<p>Beigic Damage Repair Treatment Mask je luksuzna maska za kosu koja pru\u017ea intenzivnu njegu i obnovu va\u0161e kose. Formulirana s pa\u017eljivo odabranim prirodnim sastojcima, ova maska \u0107e nahraniti i obnoviti va\u0161u kosu, \u010dine\u0107i je mekom, sjajnom i zdravom. Ova duboko hidratantna maska je savr\u0161ena za o\u0161te\u0107enu kosu koja treba dodatnu njegu.<\/p>\n<p>&nbsp;<\/p>\n<p>&nbsp;<\/p>\n","protected":false},"excerpt":{"rendered":"<p><strong data-start=\"420\" data-end=\"439\"><span class=\"BZ_Pyq_fadeIn\">Posebna <\/span><span class=\"BZ_Pyq_fadeIn\">ponuda!<\/span><\/strong> <span class=\"BZ_Pyq_fadeIn\">Ovaj <\/span><span class=\"BZ_Pyq_fadeIn\">proizvod <\/span><span class=\"BZ_Pyq_fadeIn\">je <\/span><span class=\"BZ_Pyq_fadeIn\">dostupan <\/span><span class=\"BZ_Pyq_fadeIn\">po <\/span><span class=\"BZ_Pyq_fadeIn\">sni\u017eenoj <\/span><span class=\"BZ_Pyq_fadeIn\">cijeni <\/span><span class=\"BZ_Pyq_fadeIn\">zbog <\/span><span class=\"BZ_Pyq_fadeIn\">kra\u0107eg <\/span><span class=\"BZ_Pyq_fadeIn\">roka <\/span><span class=\"BZ_Pyq_fadeIn\">trajanja<strong> (18.06.2026<\/strong><\/span><span class=\"BZ_Pyq_fadeIn\"><strong>)<\/strong>. <\/span><span class=\"BZ_Pyq_fadeIn\">Proizvod <\/span><span class=\"BZ_Pyq_fadeIn\">je <\/span><span class=\"BZ_Pyq_fadeIn\">potpuno <\/span><span class=\"BZ_Pyq_fadeIn\">siguran <\/span><span class=\"BZ_Pyq_fadeIn\">za <\/span><span class=\"BZ_Pyq_fadeIn\">kori\u0161tenje <\/span><span class=\"BZ_Pyq_fadeIn\">do <\/span><span class=\"BZ_Pyq_fadeIn\">navedenog <\/span><span class=\"BZ_Pyq_fadeIn\">datuma. Posebna ponuda odnosi se na pakiranja od 50g i 200g.<\/span><br data-start=\"588\" data-end=\"591\" \/><strong data-start=\"593\" data-end=\"636\"><span class=\"BZ_Pyq_fadeIn\">Ograni\u010dena <\/span><span class=\"BZ_Pyq_fadeIn\">koli\u010dina \u2013 <\/span><span class=\"BZ_Pyq_fadeIn\">po\u017euri <\/span><span class=\"BZ_Pyq_fadeIn\">s <\/span><span class=\"BZ_Pyq_fadeIn\">kupnjom!<\/span><\/strong><\/p>\n<p>&nbsp;<\/p>\n<p>&nbsp;<\/p>\n<p><a href=\"https:\/\/divotecosmetics.com\/hr\/moja-prica-o-clean-korejskoj-kozmetici-i-beigicu-prica-o-transformaciji-i-prijateljstvu\/\">Beigic<\/a> Damage Repair Treatment Mask je luksuzna maska za kosu koja pru\u017ea intenzivnu <a href=\"https:\/\/divotecosmetics.com\/hr\/kategorija-proizvoda\/njega-kose\/\">njegu i obnovu va\u0161e kose<\/a>. Formulirana s pa\u017eljivo odabranim prirodnim sastojcima, ova maska \u0107e nahraniti i obnoviti va\u0161u kosu, \u010dine\u0107i je mekom, sjajnom i zdravom. Ova duboko hidratantna maska je savr\u0161ena za o\u0161te\u0107enu kosu koja treba dodatnu njegu.<\/p>\n","protected":false},"featured_media":2438,"comment_status":"open","ping_status":"closed","template":"","meta":{"_acf_changed":false,"_seopress_robots_primary_cat":"none","_seopress_titles_title":"Damage Repair Treatment Mask - Maska za Kosu - Divote","_seopress_titles_desc":"Damage Repair Treatment Mask brenda Beigic je luksuzna maska za kosu koja pru\u017ea intenzivnu njegu i obnovu va\u0161e kose. Posjetite Divote Cosmetics","_seopress_robots_index":"","inline_featured_image":false},"product_brand":[],"product_cat":[103],"product_tag":[],"class_list":{"0":"post-1382","1":"product","2":"type-product","3":"status-publish","4":"has-post-thumbnail","6":"product_cat-njega-kose","7":"pa_brands-beigic","8":"pa_ingredients-panthenol-hr","9":"pa_product-type-maska","10":"pa_skin-type-oily-skin-hr","11":"pa_skin-type-normal-skin-hr","12":"pa_skin-type-dry-skin-hr","13":"pa_skin-type-all-skin-types-hr","14":"pa_skin-type-mature-skin-hr","16":"first","17":"instock","18":"taxable","19":"shipping-taxable","20":"purchasable","21":"product-type-variable"},"acf":[],"_links":{"self":[{"href":"https:\/\/divotecosmetics.com\/hr\/wp-json\/wp\/v2\/product\/1382","targetHints":{"allow":["GET"]}}],"collection":[{"href":"https:\/\/divotecosmetics.com\/hr\/wp-json\/wp\/v2\/product"}],"about":[{"href":"https:\/\/divotecosmetics.com\/hr\/wp-json\/wp\/v2\/types\/product"}],"replies":[{"embeddable":true,"href":"https:\/\/divotecosmetics.com\/hr\/wp-json\/wp\/v2\/comments?post=1382"}],"wp:featuredmedia":[{"embeddable":true,"href":"https:\/\/divotecosmetics.com\/hr\/wp-json\/wp\/v2\/media\/2438"}],"wp:attachment":[{"href":"https:\/\/divotecosmetics.com\/hr\/wp-json\/wp\/v2\/media?parent=1382"}],"wp:term":[{"taxonomy":"product_brand","embeddable":true,"href":"https:\/\/divotecosmetics.com\/hr\/wp-json\/wp\/v2\/product_brand?post=1382"},{"taxonomy":"product_cat","embeddable":true,"href":"https:\/\/divotecosmetics.com\/hr\/wp-json\/wp\/v2\/product_cat?post=1382"},{"taxonomy":"product_tag","embeddable":true,"href":"https:\/\/divotecosmetics.com\/hr\/wp-json\/wp\/v2\/product_tag?post=1382"}],"curies":[{"name":"wp","href":"https:\/\/api.w.org\/{rel}","templated":true}]}}