{"id":1379,"date":"2024-05-31T17:42:37","date_gmt":"2024-05-31T17:42:37","guid":{"rendered":"http:\/\/divotecosmetics.com\/shop\/Bez%20kategorije\/treatment-essence\/"},"modified":"2026-03-09T10:27:21","modified_gmt":"2026-03-09T09:27:21","slug":"beigic-tretmanska-esencija-za-lice","status":"publish","type":"product","link":"https:\/\/divotecosmetics.com\/hr\/shop\/njega-koze\/beigic-tretmanska-esencija-za-lice\/","title":{"rendered":"Beigic tretmanska esencija za lice"},"content":{"rendered":"<p><a href=\"https:\/\/divotecosmetics.com\/hr\/brands\/beigic\/\">Beigic<\/a> Treatment Essence je veganska esencija koja obnavlja vlagu i poma\u017ee ubla\u017eiti suho\u0107u u prvom koraku njege ko\u017ee. Veganski peptidni kompleks, s naglaskom na ekstrakt zelene kave, njeguje ko\u017eu i ja\u010da je od temelja.<\/p>\n<p>&nbsp;<\/p>\n<p>&nbsp;<\/p>\n<p>&nbsp;<\/p>\n<p>&nbsp;<\/p>\n","protected":false},"excerpt":{"rendered":"<p><a href=\"https:\/\/divotecosmetics.com\/hr\/moja-prica-o-clean-korejskoj-kozmetici-i-beigicu-prica-o-transformaciji-i-prijateljstvu\/\">Beigic<\/a> Treatment Essence je veganska esencija koja obnavlja vlagu i poma\u017ee ubla\u017eiti suho\u0107u u prvom koraku njege ko\u017ee. Veganski peptidni kompleks, s naglaskom na ekstrakt zelene kave, njeguje ko\u017eu i ja\u010da je od temelja.<\/p>\n","protected":false},"featured_media":4557,"comment_status":"open","ping_status":"closed","template":"","meta":{"_acf_changed":false,"_seopress_robots_primary_cat":"none","_seopress_titles_title":"Treatment Essence - Beigic - Esencija za Lice Divote","_seopress_titles_desc":"Treatment Essence brenda Beigic je veganska esencija koja obnavlja vlagu i poma\u017ee ubla\u017eiti suho\u0107u u prvom koraku njege ko\u017ee. Posjetite Divote shop","_seopress_robots_index":"","inline_featured_image":false},"product_brand":[],"product_cat":[94],"product_tag":[],"class_list":{"0":"post-1379","1":"product","2":"type-product","3":"status-publish","4":"has-post-thumbnail","6":"product_cat-njega-koze","7":"pa_brands-beigic","8":"pa_ingredients-coffee-bean-oil-hr","9":"pa_ingredients-niacinamide-hr","10":"pa_ingredients-panthenol-hr","11":"pa_ingredients-peptides-hr","12":"pa_product-type-esencija","13":"pa_skin-concerns-hydration-hr","14":"pa_skin-type-oily-skin-hr","15":"pa_skin-type-normal-skin-hr","16":"pa_skin-type-dry-skin-hr","17":"pa_skin-type-all-skin-types-hr","18":"pa_skin-type-mature-skin-hr","20":"first","21":"instock","22":"taxable","23":"shipping-taxable","24":"purchasable","25":"product-type-variable"},"acf":[],"_links":{"self":[{"href":"https:\/\/divotecosmetics.com\/hr\/wp-json\/wp\/v2\/product\/1379","targetHints":{"allow":["GET"]}}],"collection":[{"href":"https:\/\/divotecosmetics.com\/hr\/wp-json\/wp\/v2\/product"}],"about":[{"href":"https:\/\/divotecosmetics.com\/hr\/wp-json\/wp\/v2\/types\/product"}],"replies":[{"embeddable":true,"href":"https:\/\/divotecosmetics.com\/hr\/wp-json\/wp\/v2\/comments?post=1379"}],"wp:featuredmedia":[{"embeddable":true,"href":"https:\/\/divotecosmetics.com\/hr\/wp-json\/wp\/v2\/media\/4557"}],"wp:attachment":[{"href":"https:\/\/divotecosmetics.com\/hr\/wp-json\/wp\/v2\/media?parent=1379"}],"wp:term":[{"taxonomy":"product_brand","embeddable":true,"href":"https:\/\/divotecosmetics.com\/hr\/wp-json\/wp\/v2\/product_brand?post=1379"},{"taxonomy":"product_cat","embeddable":true,"href":"https:\/\/divotecosmetics.com\/hr\/wp-json\/wp\/v2\/product_cat?post=1379"},{"taxonomy":"product_tag","embeddable":true,"href":"https:\/\/divotecosmetics.com\/hr\/wp-json\/wp\/v2\/product_tag?post=1379"}],"curies":[{"name":"wp","href":"https:\/\/api.w.org\/{rel}","templated":true}]}}