{"id":1376,"date":"2024-05-31T17:50:13","date_gmt":"2024-05-31T17:50:13","guid":{"rendered":"http:\/\/divotecosmetics.com\/shop\/Bez%20kategorije\/lucent-oil\/"},"modified":"2026-03-15T19:42:36","modified_gmt":"2026-03-15T18:42:36","slug":"beigic-sjajno-ulje-za-lice","status":"publish","type":"product","link":"https:\/\/divotecosmetics.com\/hr\/shop\/njega-koze\/beigic-sjajno-ulje-za-lice\/","title":{"rendered":"Beigic sjajno ulje za lice"},"content":{"rendered":"<p><a href=\"https:\/\/divotecosmetics.com\/hr\/brands\/beigic\/\">Beigic<\/a> Lucent Oil je njeguju\u0107e ulje za lice koje dolazi u pakiranju od 10 i 37 ml. Ovo ulje je formulirano kako bi nahranilo ko\u017eu i pru\u017eilo joj blistav i zdrav izgled. S laganim i ne masnim teksturama, brzo se upija i osvje\u017eava, a redovita upotreba pobolj\u0161ava prirodnu sposobnost ko\u017ee da zadr\u017ei vlagu, \u010dine\u0107i je udobnom i dobro hidratiziranom. Prirodan miris ulja inspiriran je spa centrima a sadr\u017ei mje\u0161avinu biljnih esencijalnih ulja poput bergamota, geranije, kore naran\u010de i eukaliptusa, nude\u0107i vam dragocjeni trenutak blagostanja tijekom va\u0161eg rituala njege ko\u017ee.<\/p>\n<p>&nbsp;<\/p>\n<p>&nbsp;<\/p>\n","protected":false},"excerpt":{"rendered":"<p><a href=\"https:\/\/divotecosmetics.com\/hr\/moja-prica-o-clean-korejskoj-kozmetici-i-beigicu-prica-o-transformaciji-i-prijateljstvu\/\">Beigic<\/a> Lucent Oil je njeguju\u0107e ulje za lice koje dolazi u pakiranju od 10 i 37 ml. Ovo ulje je formulirano kako bi nahranilo ko\u017eu i pru\u017eilo joj blistav i zdrav izgled. S laganim i ne masnim teksturama, brzo se upija i osvje\u017eava, a redovita upotreba pobolj\u0161ava prirodnu sposobnost ko\u017ee da zadr\u017ei vlagu, \u010dine\u0107i je udobnom i dobro <a href=\"https:\/\/divotecosmetics.com\/hr\/product-type\/hidratacija\/\">hidratiziranom<\/a>.<\/p>\n","protected":false},"featured_media":2414,"comment_status":"open","ping_status":"closed","template":"","meta":{"_acf_changed":false,"_seopress_robots_primary_cat":"none","_seopress_titles_title":"Lucent Oil - Beigic - Njeguju\u0107e ulje za lice - Divote","_seopress_titles_desc":"Lucent Oil brenda Beigic je njeguju\u0107e ulje za lice koje dolazi u pakiranju od 10 i 37 ml. Ovo ulje je formulirano kako bi nahranilo ko\u017eu i pru\u017eilo joj blistav","_seopress_robots_index":"","inline_featured_image":false},"product_brand":[],"product_cat":[94],"product_tag":[],"class_list":{"0":"post-1376","1":"product","2":"type-product","3":"status-publish","4":"has-post-thumbnail","6":"product_cat-njega-koze","7":"pa_brands-beigic","8":"pa_ingredients-coffee-bean-oil-hr","9":"pa_ingredients-vitamin-e-hr","10":"pa_product-type-hidratacija","11":"pa_skin-concerns-hydration-hr","12":"pa_skin-type-oily-skin-hr","13":"pa_skin-type-normal-skin-hr","14":"pa_skin-type-dry-skin-hr","15":"pa_skin-type-mature-skin-hr","17":"first","18":"instock","19":"taxable","20":"shipping-taxable","21":"purchasable","22":"product-type-variable"},"acf":[],"_links":{"self":[{"href":"https:\/\/divotecosmetics.com\/hr\/wp-json\/wp\/v2\/product\/1376","targetHints":{"allow":["GET"]}}],"collection":[{"href":"https:\/\/divotecosmetics.com\/hr\/wp-json\/wp\/v2\/product"}],"about":[{"href":"https:\/\/divotecosmetics.com\/hr\/wp-json\/wp\/v2\/types\/product"}],"replies":[{"embeddable":true,"href":"https:\/\/divotecosmetics.com\/hr\/wp-json\/wp\/v2\/comments?post=1376"}],"wp:featuredmedia":[{"embeddable":true,"href":"https:\/\/divotecosmetics.com\/hr\/wp-json\/wp\/v2\/media\/2414"}],"wp:attachment":[{"href":"https:\/\/divotecosmetics.com\/hr\/wp-json\/wp\/v2\/media?parent=1376"}],"wp:term":[{"taxonomy":"product_brand","embeddable":true,"href":"https:\/\/divotecosmetics.com\/hr\/wp-json\/wp\/v2\/product_brand?post=1376"},{"taxonomy":"product_cat","embeddable":true,"href":"https:\/\/divotecosmetics.com\/hr\/wp-json\/wp\/v2\/product_cat?post=1376"},{"taxonomy":"product_tag","embeddable":true,"href":"https:\/\/divotecosmetics.com\/hr\/wp-json\/wp\/v2\/product_tag?post=1376"}],"curies":[{"name":"wp","href":"https:\/\/api.w.org\/{rel}","templated":true}]}}