{"id":1375,"date":"2024-05-31T19:02:29","date_gmt":"2024-05-31T19:02:29","guid":{"rendered":"http:\/\/divotecosmetics.com\/shop\/Bez%20kategorije\/refining-hand-wash-300g\/"},"modified":"2026-03-17T10:08:46","modified_gmt":"2026-03-17T09:08:46","slug":"beigic-prociscavajuci-gel-za-pranje-ruku-300-g","status":"publish","type":"product","link":"https:\/\/divotecosmetics.com\/hr\/shop\/njega-tijela\/beigic-prociscavajuci-gel-za-pranje-ruku-300-g\/","title":{"rendered":"Beigic pro\u010di\u0161\u0107avaju\u0107i gel za pranje ruku 300g"},"content":{"rendered":"<p><a href=\"https:\/\/divotecosmetics.com\/hr\/brands\/beigic\/\">Beigic<\/a> Refining Hand Wash je luksuzni teku\u0107i sapun za \u010di\u0161\u0107enje ruku i nje\u017enu eksfoliaciju koji uklanja ne\u010disto\u0107e, ostavljaju\u0107i ko\u017eu \u010distom, osvje\u017eenom i hidratiziranom. Formuliran s pa\u017eljivo odabranim prirodnim sastojcima, ovaj sapun \u0107e osvje\u017eiti va\u0161e ruke i pru\u017eiti ugodno iskustvo \u010di\u0161\u0107enja.<\/p>\n<p>&nbsp;<\/p>\n<p>&nbsp;<\/p>\n","protected":false},"excerpt":{"rendered":"<p><a href=\"https:\/\/divotecosmetics.com\/hr\/moja-prica-o-clean-korejskoj-kozmetici-i-beigicu-prica-o-transformaciji-i-prijateljstvu\/\">Beigic<\/a> Refining Hand Wash je luksuzni teku\u0107i sapun za \u010di\u0161\u0107enje ruku i nje\u017enu eksfoliaciju koji uklanja ne\u010disto\u0107e, ostavljaju\u0107i ko\u017eu \u010distom, osvje\u017eenom i hidratiziranom. Formuliran s pa\u017eljivo odabranim prirodnim sastojcima, ovaj sapun \u0107e osvje\u017eiti va\u0161e ruke i pru\u017eiti ugodno iskustvo \u010di\u0161\u0107enja.<\/p>\n","protected":false},"featured_media":2392,"comment_status":"open","ping_status":"closed","template":"","meta":{"_acf_changed":false,"_seopress_robots_primary_cat":"none","_seopress_titles_title":"Refining Hand Wash 300g - Luksuzni teku\u0107i sapun - Divote","_seopress_titles_desc":"Refining Hand Wash 300g brenda Beigic  je luksuzni teku\u0107i sapun za \u010di\u0161\u0107enje ruku i nje\u017enu eksfoliaciju koji uklanja ne\u010disto\u0107e, ostavljaju\u0107i ko\u017eu \u010distom.","_seopress_robots_index":"","inline_featured_image":false},"product_brand":[],"product_cat":[89],"product_tag":[],"class_list":{"0":"post-1375","1":"product","2":"type-product","3":"status-publish","4":"has-post-thumbnail","6":"product_cat-njega-tijela","7":"pa_brands-beigic","8":"pa_ingredients-coffee-bean-oil-hr","9":"pa_product-type-pranje-ruku","11":"first","12":"outofstock","13":"taxable","14":"shipping-taxable","15":"purchasable","16":"product-type-simple"},"acf":[],"_links":{"self":[{"href":"https:\/\/divotecosmetics.com\/hr\/wp-json\/wp\/v2\/product\/1375","targetHints":{"allow":["GET"]}}],"collection":[{"href":"https:\/\/divotecosmetics.com\/hr\/wp-json\/wp\/v2\/product"}],"about":[{"href":"https:\/\/divotecosmetics.com\/hr\/wp-json\/wp\/v2\/types\/product"}],"replies":[{"embeddable":true,"href":"https:\/\/divotecosmetics.com\/hr\/wp-json\/wp\/v2\/comments?post=1375"}],"wp:featuredmedia":[{"embeddable":true,"href":"https:\/\/divotecosmetics.com\/hr\/wp-json\/wp\/v2\/media\/2392"}],"wp:attachment":[{"href":"https:\/\/divotecosmetics.com\/hr\/wp-json\/wp\/v2\/media?parent=1375"}],"wp:term":[{"taxonomy":"product_brand","embeddable":true,"href":"https:\/\/divotecosmetics.com\/hr\/wp-json\/wp\/v2\/product_brand?post=1375"},{"taxonomy":"product_cat","embeddable":true,"href":"https:\/\/divotecosmetics.com\/hr\/wp-json\/wp\/v2\/product_cat?post=1375"},{"taxonomy":"product_tag","embeddable":true,"href":"https:\/\/divotecosmetics.com\/hr\/wp-json\/wp\/v2\/product_tag?post=1375"}],"curies":[{"name":"wp","href":"https:\/\/api.w.org\/{rel}","templated":true}]}}