{"id":1374,"date":"2024-05-31T19:11:36","date_gmt":"2024-05-31T19:11:36","guid":{"rendered":"https:\/\/divotecosmetics.com\/shop\/Bez%20kategorije\/classic-hand-nail-cream-42\/"},"modified":"2026-03-11T14:49:19","modified_gmt":"2026-03-11T13:49:19","slug":"beigic-klasicna-krema-za-ruke-i-nokte-42-bergamot","status":"publish","type":"product","link":"https:\/\/divotecosmetics.com\/hr\/shop\/njega-tijela\/beigic-klasicna-krema-za-ruke-i-nokte-42-bergamot\/","title":{"rendered":"Beigic klasi\u010dna krema za ruke i nokte 42 bergamot"},"content":{"rendered":"<p>Krema za njegu ruku i noktiju, cvjetno-citrusnog miris i osvje\u017eavaju\u0107e intenzivne hidratacije.<\/p>\n<p>Oboga\u0107ena uljem sjemenki zelene kave, shea maslacem i pantenolom, bar\u0161unasta krema trenutno hidratizira ruke i nokte. Poma\u017ee omek\u0161ati i za\u0161tititi grubu ko\u017eu i zanoktice. Miris mandarine, bergamota i kadulje nje\u017eno obavija ruke.<\/p>\n<p>Po\u010dev\u0161i od ljetnih citrusnih nota bergamota i mandarine, poja\u010danih prirodnom dubinom cvijeta kadulje, ostavlja nje\u017ean trajan miris. Uronite u revitaliziraju\u0107i citrusni cvjetni miris koji se nje\u017eno \u0161iri, dodaju\u0107i da\u0161ak vitalnosti va\u0161oj svakodnevici. Bar\u0161unasta kremasta tekstura balzama je gusta, ali nemasna, \u0161to omogu\u0107uje lako upijanje u ko\u017eu. Njeguje ne samo ko\u017eu nego i kutikule, pobolj\u0161avaju\u0107i elasti\u010dnost i blistavost teksture ko\u017ee.<\/p>\n<p>&nbsp;<\/p>\n<p>Nanijeti kremu na ruke i nokte. S pa\u017enjom usmjerenom na zanoktice, masirati nje\u017enim, kru\u017enim pokretima. Koristiti prema potrebi.<\/p>\n","protected":false},"excerpt":{"rendered":"<p>Oboga\u0107ena uljem sjemenki zelene kave, shea maslacem i pantenolom, bar\u0161unasta krema trenutno hidratizira ruke i nokte. Poma\u017ee omek\u0161ati i za\u0161tititi grubu ko\u017eu i zanoktice. Miris mandarine, bergamota i kadulje nje\u017eno obavija ruke.<\/p>\n","protected":false},"featured_media":4570,"comment_status":"open","ping_status":"closed","template":"","meta":{"_acf_changed":false,"_seopress_robots_primary_cat":"none","_seopress_titles_title":"Classic Hand & Nail Cream 42 - Krema - Divote Cosmetics","_seopress_titles_desc":"Classic Hand & Nail Cream 42 oboga\u0107ena uljem sjemenki zelene kave, shea maslacem i pantenolom, poma\u017ee za\u0161tititi grubu ko\u017eu. S mirisom..","_seopress_robots_index":"","inline_featured_image":false},"product_brand":[],"product_cat":[89],"product_tag":[],"class_list":{"0":"post-1374","1":"product","2":"type-product","3":"status-publish","4":"has-post-thumbnail","6":"product_cat-njega-tijela","7":"pa_brands-beigic","8":"pa_ingredients-coffee-bean-oil-hr","9":"pa_ingredients-panthenol-hr","10":"pa_product-type-krema-za-ruke","11":"pa_skin-concerns-hydration-hr","12":"pa_skin-type-oily-skin-hr","13":"pa_skin-type-normal-skin-hr","14":"pa_skin-type-dry-skin-hr","15":"pa_skin-type-all-skin-types-hr","16":"pa_skin-type-mature-skin-hr","18":"first","19":"instock","20":"taxable","21":"shipping-taxable","22":"purchasable","23":"product-type-simple"},"acf":[],"_links":{"self":[{"href":"https:\/\/divotecosmetics.com\/hr\/wp-json\/wp\/v2\/product\/1374","targetHints":{"allow":["GET"]}}],"collection":[{"href":"https:\/\/divotecosmetics.com\/hr\/wp-json\/wp\/v2\/product"}],"about":[{"href":"https:\/\/divotecosmetics.com\/hr\/wp-json\/wp\/v2\/types\/product"}],"replies":[{"embeddable":true,"href":"https:\/\/divotecosmetics.com\/hr\/wp-json\/wp\/v2\/comments?post=1374"}],"wp:featuredmedia":[{"embeddable":true,"href":"https:\/\/divotecosmetics.com\/hr\/wp-json\/wp\/v2\/media\/4570"}],"wp:attachment":[{"href":"https:\/\/divotecosmetics.com\/hr\/wp-json\/wp\/v2\/media?parent=1374"}],"wp:term":[{"taxonomy":"product_brand","embeddable":true,"href":"https:\/\/divotecosmetics.com\/hr\/wp-json\/wp\/v2\/product_brand?post=1374"},{"taxonomy":"product_cat","embeddable":true,"href":"https:\/\/divotecosmetics.com\/hr\/wp-json\/wp\/v2\/product_cat?post=1374"},{"taxonomy":"product_tag","embeddable":true,"href":"https:\/\/divotecosmetics.com\/hr\/wp-json\/wp\/v2\/product_tag?post=1374"}],"curies":[{"name":"wp","href":"https:\/\/api.w.org\/{rel}","templated":true}]}}