{"id":1373,"date":"2024-05-31T19:23:33","date_gmt":"2024-05-31T19:23:33","guid":{"rendered":"https:\/\/divotecosmetics.com\/shop\/Bez%20kategorije\/classic-hand-nail-cream-41-geranium\/"},"modified":"2026-03-27T13:53:26","modified_gmt":"2026-03-27T12:53:26","slug":"beigic-klasicna-krema-za-ruke-i-nokte-41-geranij","status":"publish","type":"product","link":"https:\/\/divotecosmetics.com\/hr\/shop\/njega-tijela\/beigic-klasicna-krema-za-ruke-i-nokte-41-geranij\/","title":{"rendered":"Beigic klasi\u010dna krema za ruke i nokte 41 geranij"},"content":{"rendered":"<p>Krema za njegu ruku i noktiju, drvenog cvjetng mirisa i osvje\u017eavaju\u0107e intenzivne hidratacije.<\/p>\n<p>Oboga\u0107ena uljem sjemenki zelene kave, shea maslacem i pantenolom, bar\u0161unasta krema trenutno hidratizira ruke i nokte. Poma\u017ee omek\u0161ati i za\u0161tititi grubu ko\u017eu i zanoktice. Miris geranija i sandala nje\u017eno obavija ruke.<\/p>\n<p>Poput rascvjetanog vrta geranija u punom zamahu, zadivljuju\u0107i miris nje\u017eno se \u0161iri, dok ugodni \u0161arm kamilice i \u017eivost naran\u010de preuzimaju notu. Skladno se stapaju\u0107i s dubokim dugotrajnim notama sandalovine, ugodan, ali intenzivan drvenasto-cvjetni miris ostavlja osebujnu esenciju koja izaziva pravu ovisnost.<\/p>\n<p>Formula kremastog balzama, bar\u0161unasta i bogata, glatko se upija bez ikakvog ljepljenja, njeguju\u0107i va\u0161e kutikule i pobolj\u0161avaju\u0107i elasti\u010dnost i blistavost ko\u017ee ruku.<\/p>\n<p>&nbsp;<\/p>\n<p>Nanijeti kremu na ruke i nokte. S pa\u017enjom usmjerenom na zanoktice, masirati nje\u017enim, kru\u017enim pokretima. Koristiti prema potrebi.<\/p>\n","protected":false},"excerpt":{"rendered":"<p>Oboga\u0107ena uljem sjemenki zelene kave, shea maslacem i pantenolom, bar\u0161unasta krema trenutno hidratizira ruke i nokte. Poma\u017ee omek\u0161ati i za\u0161tititi grubu ko\u017eu i zanoktice. Miris geranija i sandala nje\u017eno obavija ruke.<\/p>\n","protected":false},"featured_media":4568,"comment_status":"open","ping_status":"closed","template":"","meta":{"_acf_changed":false,"_seopress_robots_primary_cat":"none","_seopress_titles_title":"Krema za Ruke - Classic Hand & Nail Cream 41 geranium - Divote","_seopress_titles_desc":"Oboga\u0107ena uljem sjemenki zelene kave, shea maslacem i pantenolom, nje\u017eno hidratizira ruke, poma\u017ee za\u0161tititi grubu ko\u017eu i zanoktice.","_seopress_robots_index":"","inline_featured_image":false},"product_brand":[],"product_cat":[89],"product_tag":[],"class_list":{"0":"post-1373","1":"product","2":"type-product","3":"status-publish","4":"has-post-thumbnail","6":"product_cat-njega-tijela","7":"pa_brands-beigic","8":"pa_ingredients-coffee-bean-oil-hr","9":"pa_ingredients-panthenol-hr","10":"pa_product-type-krema-za-ruke","11":"pa_skin-concerns-hydration-hr","13":"first","14":"instock","15":"taxable","16":"shipping-taxable","17":"purchasable","18":"product-type-simple"},"acf":[],"_links":{"self":[{"href":"https:\/\/divotecosmetics.com\/hr\/wp-json\/wp\/v2\/product\/1373","targetHints":{"allow":["GET"]}}],"collection":[{"href":"https:\/\/divotecosmetics.com\/hr\/wp-json\/wp\/v2\/product"}],"about":[{"href":"https:\/\/divotecosmetics.com\/hr\/wp-json\/wp\/v2\/types\/product"}],"replies":[{"embeddable":true,"href":"https:\/\/divotecosmetics.com\/hr\/wp-json\/wp\/v2\/comments?post=1373"}],"wp:featuredmedia":[{"embeddable":true,"href":"https:\/\/divotecosmetics.com\/hr\/wp-json\/wp\/v2\/media\/4568"}],"wp:attachment":[{"href":"https:\/\/divotecosmetics.com\/hr\/wp-json\/wp\/v2\/media?parent=1373"}],"wp:term":[{"taxonomy":"product_brand","embeddable":true,"href":"https:\/\/divotecosmetics.com\/hr\/wp-json\/wp\/v2\/product_brand?post=1373"},{"taxonomy":"product_cat","embeddable":true,"href":"https:\/\/divotecosmetics.com\/hr\/wp-json\/wp\/v2\/product_cat?post=1373"},{"taxonomy":"product_tag","embeddable":true,"href":"https:\/\/divotecosmetics.com\/hr\/wp-json\/wp\/v2\/product_tag?post=1373"}],"curies":[{"name":"wp","href":"https:\/\/api.w.org\/{rel}","templated":true}]}}