{"id":1372,"date":"2024-05-31T19:35:49","date_gmt":"2024-05-31T19:35:49","guid":{"rendered":"https:\/\/divotecosmetics.com\/shop\/Bez%20kategorije\/refreshing-hand-wash-300g\/"},"modified":"2026-01-26T13:30:53","modified_gmt":"2026-01-26T12:30:53","slug":"beigic-osvjezavajuci-gel-za-pranje-ruku-300-g","status":"publish","type":"product","link":"https:\/\/divotecosmetics.com\/hr\/shop\/njega-tijela\/beigic-osvjezavajuci-gel-za-pranje-ruku-300-g\/","title":{"rendered":"Beigic osvje\u017eavaju\u0107i gel za pranje ruku"},"content":{"rendered":"<p>Beigic Refreshing Hand Wash je osvje\u017eavaju\u0107i gel za pranje ruku koji kombinira u\u010dinkovito \u010di\u0161\u0107enje s nje\u017enom njegom, ostavljaju\u0107i ruke \u010diste i hidratizirane.<\/p>\n<p>Uklanja ne\u010disto\u0107e bez uklanjanja prirodnih ulja ko\u017ee, \u010dini ko\u017eu \u010distom i svje\u017eom bez osje\u0107aja suho\u0107e. Sadr\u017ei hidratantne sastojke koji poma\u017eu odr\u017eati vla\u017enost ko\u017ee, sprje\u010davaju\u0107i isu\u0161ivanje uslijed \u010destog pranja.<\/p>\n<p>Infuziran s prirodnim aromati\u010dnim uljima koji pru\u017eaju ugodan i osvje\u017eavaju\u0107i miris, pobolj\u0161avaju\u0107i iskustvo pranja i pru\u017eaju\u0107i osje\u0107aj revitalizacije.<\/p>\n<p>Beigic Refreshing Hand Wash idealan je za svakodnevnu upotrebu, pru\u017eaju\u0107i \u010disto\u0107u i njegu bez kompromisa, te ostavljaju\u0107i ruke osvje\u017eeno mirisne i njegovane.<\/p>\n<p>&nbsp;<\/p>\n<p>Obilno nanijeti gel na vla\u017ene ruke, pretvoriti gel u pjenu i temeljito isprati.<\/p>\n","protected":false},"excerpt":{"rendered":"<p>Beigic Refreshing Hand Wash je osvje\u017eavaju\u0107i gel za pranje ruku koji kombinira u\u010dinkovito \u010di\u0161\u0107enje s nje\u017enom njegom, ostavljaju\u0107i ruke \u010diste i hidratizirane.<\/p>\n","protected":false},"featured_media":3080,"comment_status":"open","ping_status":"closed","template":"","meta":{"_acf_changed":false,"_seopress_robots_primary_cat":"none","_seopress_titles_title":"Gel za Pranje Ruku - Refreshing Hand Wash 300g - Divote","_seopress_titles_desc":"Beigic Refreshing Hand Wash je osvje\u017eavaju\u0107i gel za pranje ruku koji kombinira \u010di\u0161\u0107enje s nje\u017enom njegom, ostavljaju\u0107i ruke \u010diste i hidratizirane.","_seopress_robots_index":"","inline_featured_image":false},"product_brand":[],"product_cat":[89],"product_tag":[],"class_list":{"0":"post-1372","1":"product","2":"type-product","3":"status-publish","4":"has-post-thumbnail","6":"product_cat-njega-tijela","7":"pa_brands-beigic","8":"pa_ingredients-coffee-bean-oil-hr","9":"pa_ingredients-hyaluronic-acid-hr","10":"pa_product-type-pranje-ruku","12":"first","13":"outofstock","14":"taxable","15":"shipping-taxable","16":"purchasable","17":"product-type-simple"},"acf":[],"_links":{"self":[{"href":"https:\/\/divotecosmetics.com\/hr\/wp-json\/wp\/v2\/product\/1372","targetHints":{"allow":["GET"]}}],"collection":[{"href":"https:\/\/divotecosmetics.com\/hr\/wp-json\/wp\/v2\/product"}],"about":[{"href":"https:\/\/divotecosmetics.com\/hr\/wp-json\/wp\/v2\/types\/product"}],"replies":[{"embeddable":true,"href":"https:\/\/divotecosmetics.com\/hr\/wp-json\/wp\/v2\/comments?post=1372"}],"wp:featuredmedia":[{"embeddable":true,"href":"https:\/\/divotecosmetics.com\/hr\/wp-json\/wp\/v2\/media\/3080"}],"wp:attachment":[{"href":"https:\/\/divotecosmetics.com\/hr\/wp-json\/wp\/v2\/media?parent=1372"}],"wp:term":[{"taxonomy":"product_brand","embeddable":true,"href":"https:\/\/divotecosmetics.com\/hr\/wp-json\/wp\/v2\/product_brand?post=1372"},{"taxonomy":"product_cat","embeddable":true,"href":"https:\/\/divotecosmetics.com\/hr\/wp-json\/wp\/v2\/product_cat?post=1372"},{"taxonomy":"product_tag","embeddable":true,"href":"https:\/\/divotecosmetics.com\/hr\/wp-json\/wp\/v2\/product_tag?post=1372"}],"curies":[{"name":"wp","href":"https:\/\/api.w.org\/{rel}","templated":true}]}}