{"id":1370,"date":"2024-05-31T19:54:55","date_gmt":"2024-05-31T19:54:55","guid":{"rendered":"http:\/\/divotecosmetics.com\/shop\/Bez%20kategorije\/luminous-hydrating-sheet-mask-25ml-x-4-box\/"},"modified":"2026-03-24T16:58:54","modified_gmt":"2026-03-24T15:58:54","slug":"luminous-hydrating-sheet-mask-25ml-x-4-box","status":"publish","type":"product","link":"https:\/\/divotecosmetics.com\/hr\/shop\/njega-koze\/luminous-hydrating-sheet-mask-25ml-x-4-box\/","title":{"rendered":"Luminous Hydrating Sheet Mask 25ml x 4 (box)"},"content":{"rendered":"<p>Luminous Hydrating Sheet Mask (4 komada) je maska od biljne celuloze natopljena visoko koncentriranom esencijom, pa\u017eljivo formuliranom s veganskim sastojcima. Pru\u017ea sjaj i vitalnost ko\u017ei u samo 15 minuta, ostavljaju\u0107i sjajnu hidrataciju za blistavu ko\u017eu. Sadr\u017ei vitamin C i niacinamid za posvjetljivanje tena ko\u017ee te obilnu hidrataciju uz ekstrakt cvijeta nevena i veganske peptidne sastojke pru\u017eaju\u0107i umiruju\u0107u i ugodnu senzaciju.<\/p>\n<p>&nbsp;<\/p>\n<p>Nanijeti \u201esheet\u201c masku na lice i pa\u017eljivo je namjestiti tako da prekriva cijelo lice. Ostaviti 15 minuta, zatim ukloniti masku, a ostatak seruma nje\u017eno umasirati u ko\u017eu lica. Za najbolje rezultate, preporu\u010dujemo koristiti masku 3-4 uzastopna dana.<\/p>\n","protected":false},"excerpt":{"rendered":"<p>Luminous Hydrating Sheet Mask (4 komada) je maska od biljne celuloze natopljena visoko koncentriranom esencijom, pa\u017eljivo formuliranom s veganskim sastojcima.<\/p>\n","protected":false},"featured_media":2337,"comment_status":"open","ping_status":"closed","template":"","meta":{"_acf_changed":false,"_seopress_robots_primary_cat":"none","_seopress_titles_title":"Maska za Lice - Luminous Hydrating Sheet Mask 25ml x 4 (box) - Divote","_seopress_titles_desc":"Luminous Hydrating Sheet Mask (4 komada) je maska od biljne celuloze natopljena visoko koncentriranom esencijom, pa\u017eljivo formuliranom s veganskim sastojcima.","_seopress_robots_index":"","inline_featured_image":false},"product_brand":[],"product_cat":[94],"product_tag":[],"class_list":{"0":"post-1370","1":"product","2":"type-product","3":"status-publish","4":"has-post-thumbnail","6":"product_cat-njega-koze","7":"pa_brands-beigic","8":"pa_ingredients-coffee-bean-oil-hr","9":"pa_ingredients-niacinamide-hr","10":"pa_ingredients-peptides-hr","11":"pa_ingredients-vitamin-c-hr","12":"pa_product-type-maska","13":"pa_skin-concerns-hydration-hr","14":"pa_skin-concerns-pore-care-hr","15":"pa_skin-type-oily-skin-hr","16":"pa_skin-type-normal-skin-hr","17":"pa_skin-type-dry-skin-hr","18":"pa_skin-type-all-skin-types-hr","19":"pa_skin-type-mature-skin-hr","21":"first","22":"instock","23":"taxable","24":"shipping-taxable","25":"purchasable","26":"product-type-simple"},"acf":[],"_links":{"self":[{"href":"https:\/\/divotecosmetics.com\/hr\/wp-json\/wp\/v2\/product\/1370","targetHints":{"allow":["GET"]}}],"collection":[{"href":"https:\/\/divotecosmetics.com\/hr\/wp-json\/wp\/v2\/product"}],"about":[{"href":"https:\/\/divotecosmetics.com\/hr\/wp-json\/wp\/v2\/types\/product"}],"replies":[{"embeddable":true,"href":"https:\/\/divotecosmetics.com\/hr\/wp-json\/wp\/v2\/comments?post=1370"}],"wp:featuredmedia":[{"embeddable":true,"href":"https:\/\/divotecosmetics.com\/hr\/wp-json\/wp\/v2\/media\/2337"}],"wp:attachment":[{"href":"https:\/\/divotecosmetics.com\/hr\/wp-json\/wp\/v2\/media?parent=1370"}],"wp:term":[{"taxonomy":"product_brand","embeddable":true,"href":"https:\/\/divotecosmetics.com\/hr\/wp-json\/wp\/v2\/product_brand?post=1370"},{"taxonomy":"product_cat","embeddable":true,"href":"https:\/\/divotecosmetics.com\/hr\/wp-json\/wp\/v2\/product_cat?post=1370"},{"taxonomy":"product_tag","embeddable":true,"href":"https:\/\/divotecosmetics.com\/hr\/wp-json\/wp\/v2\/product_tag?post=1370"}],"curies":[{"name":"wp","href":"https:\/\/api.w.org\/{rel}","templated":true}]}}