{"id":1368,"date":"2024-05-31T20:06:21","date_gmt":"2024-05-31T20:06:21","guid":{"rendered":"http:\/\/divotecosmetics.com\/shop\/Bez%20kategorije\/relaxing-body-wash-300ml\/"},"modified":"2026-04-08T17:47:37","modified_gmt":"2026-04-08T15:47:37","slug":"beigic-opustajuci-gel-za-tusiranje-300-ml","status":"publish","type":"product","link":"https:\/\/divotecosmetics.com\/hr\/shop\/njega-tijela\/beigic-opustajuci-gel-za-tusiranje-300-ml\/","title":{"rendered":"Beigic opu\u0161taju\u0107i gel za tu\u0161iranje 300ml"},"content":{"rendered":"<p>Beigic Relaxing Body Wash je nje\u017eni gel za tu\u0161iranje koji pru\u017ea osvje\u017eavaju\u0107e iskustvo za va\u0161u ko\u017eu i osjetila. Ovaj proizvod oboga\u0107en je prirodnim sastojcima koji nje\u017eno \u010diste ko\u017eu, ostavljaju\u0107i je svje\u017eom i hidratiziranom. Formula je posebno osmi\u0161ljena kako bi umirila umorne mi\u0161i\u0107e i pru\u017eila osje\u0107aj opu\u0161tanja tijekom tu\u0161iranja, a mje\u0161avina umiruju\u0107ih mirisa prirodnih esencijalnih ulja stvara opu\u0161taju\u0107u aromu za tijelo i um.<\/p>\n<p>&nbsp;<\/p>\n<p>Obilno nanijeti gel na vla\u017enu ko\u017eu, pretvoriti gel u bogatu pjenu i temeljito isprati. Za svakodnevnu upotrebu.<\/p>\n","protected":false},"excerpt":{"rendered":"<p><a href=\"https:\/\/divotecosmetics.com\/hr\/moja-prica-o-clean-korejskoj-kozmetici-i-beigicu-prica-o-transformaciji-i-prijateljstvu\/\">Beigic<\/a> Relaxing Body Wash je nje\u017eni gel za tu\u0161iranje koji pru\u017ea osvje\u017eavaju\u0107e iskustvo za va\u0161u ko\u017eu i osjetila. Ovaj proizvod oboga\u0107en je <a href=\"https:\/\/divotecosmetics.com\/hr\/kako-prepoznati-clean-korejsku-kozmetiku-i-zasto-je-vazna-za-vas-cijeli-organizam\/\">prirodnim sastojcima<\/a> koji nje\u017eno \u010diste ko\u017eu, ostavljaju\u0107i je svje\u017eom i <a href=\"https:\/\/divotecosmetics.com\/hr\/product-type\/hidratacija\/?yith_wcan=1&#038;orderby=popularity&#038;product_cat=njega-koze\">hidratiziranom<\/a>.<\/p>\n","protected":false},"featured_media":3981,"comment_status":"open","ping_status":"closed","template":"","meta":{"_acf_changed":false,"_seopress_robots_primary_cat":"none","_seopress_titles_title":"Relaxing Body Wash 300ml - Gel za Tu\u0161iranje - Divote","_seopress_titles_desc":"Relaxing Body Wash 300ml brenda Beigic je nje\u017eni gel za tu\u0161iranje koji pru\u017ea osvje\u017eavaju\u0107e iskustvo za va\u0161u ko\u017eu i osjetila. Prirodni sastojci","_seopress_robots_index":"","inline_featured_image":false},"product_brand":[],"product_cat":[89],"product_tag":[],"class_list":{"0":"post-1368","1":"product","2":"type-product","3":"status-publish","4":"has-post-thumbnail","6":"product_cat-njega-tijela","7":"pa_brands-beigic","8":"pa_ingredients-centella-asiatica-hr","9":"pa_ingredients-coffee-bean-oil-hr","10":"pa_ingredients-panthenol-hr","11":"pa_product-type-pranje-tijela","13":"first","14":"instock","15":"taxable","16":"shipping-taxable","17":"purchasable","18":"product-type-simple"},"acf":[],"_links":{"self":[{"href":"https:\/\/divotecosmetics.com\/hr\/wp-json\/wp\/v2\/product\/1368","targetHints":{"allow":["GET"]}}],"collection":[{"href":"https:\/\/divotecosmetics.com\/hr\/wp-json\/wp\/v2\/product"}],"about":[{"href":"https:\/\/divotecosmetics.com\/hr\/wp-json\/wp\/v2\/types\/product"}],"replies":[{"embeddable":true,"href":"https:\/\/divotecosmetics.com\/hr\/wp-json\/wp\/v2\/comments?post=1368"}],"wp:featuredmedia":[{"embeddable":true,"href":"https:\/\/divotecosmetics.com\/hr\/wp-json\/wp\/v2\/media\/3981"}],"wp:attachment":[{"href":"https:\/\/divotecosmetics.com\/hr\/wp-json\/wp\/v2\/media?parent=1368"}],"wp:term":[{"taxonomy":"product_brand","embeddable":true,"href":"https:\/\/divotecosmetics.com\/hr\/wp-json\/wp\/v2\/product_brand?post=1368"},{"taxonomy":"product_cat","embeddable":true,"href":"https:\/\/divotecosmetics.com\/hr\/wp-json\/wp\/v2\/product_cat?post=1368"},{"taxonomy":"product_tag","embeddable":true,"href":"https:\/\/divotecosmetics.com\/hr\/wp-json\/wp\/v2\/product_tag?post=1368"}],"curies":[{"name":"wp","href":"https:\/\/api.w.org\/{rel}","templated":true}]}}