{"id":1367,"date":"2024-05-31T20:15:29","date_gmt":"2024-05-31T20:15:29","guid":{"rendered":"http:\/\/divotecosmetics.com\/shop\/Bez%20kategorije\/correcting-facial-mask-70ml\/"},"modified":"2026-02-03T15:30:39","modified_gmt":"2026-02-03T14:30:39","slug":"beigic-obnavljajuca-maska-za-lice-70-ml","status":"publish","type":"product","link":"https:\/\/divotecosmetics.com\/hr\/shop\/njega-koze\/beigic-obnavljajuca-maska-za-lice-70-ml\/","title":{"rendered":"BEIGIC Obnavljaju\u0107a maska za lice 70 ml"},"content":{"rendered":"<p>Maska za lice napravljena je od finog praha od zrna kave, pru\u017ea duboku njegu pora i teksture ko\u017ee, daju\u0107i ko\u017ei blistav ton i zagla\u0111enost.<\/p>\n<p>&nbsp;<\/p>\n<p>Na o\u010di\u0161\u0107enu ko\u017eu, nanijeti masku u ravnomjernom sloju izbjegavaju\u0107i podru\u010dje oko o\u010diju i usnica. Ostaviti 5-10 minuta, zatim temeljito isprati mlakom vodom. Koristiti 2-3 puta tjedno.<\/p>\n","protected":false},"excerpt":{"rendered":"<p>Maska za lice (<a href=\"https:\/\/divotecosmetics.com\/hr\/brands\/beigic\/\">Beigic<\/a> Correcting Facial Mask) napravljena je od finog praha od zrna kave, pru\u017ea duboku njegu pora i teksture <a href=\"https:\/\/divotecosmetics.com\/hr\/kategorija-proizvoda\/njega-koze\/\">ko\u017ee<\/a>, daju\u0107i ko\u017ei blistav ton i zagla\u0111enost.<\/p>\n","protected":false},"featured_media":4574,"comment_status":"open","ping_status":"closed","template":"","meta":{"_acf_changed":false,"_seopress_robots_primary_cat":"none","_seopress_titles_title":"Obnavljaju\u0107a maska za lice 70ml - Beigic - Divote","_seopress_titles_desc":"Obnavljaju\u0107a maska za lice napravljena je od finog praha od zrna kave, pru\u017ea duboku njegu pora i teksture ko\u017ee, daju\u0107i ko\u017ei blistav ton i zagla\u0111enost.","_seopress_robots_index":"","inline_featured_image":false},"product_brand":[],"product_cat":[94],"product_tag":[],"class_list":{"0":"post-1367","1":"product","2":"type-product","3":"status-publish","4":"has-post-thumbnail","6":"product_cat-njega-koze","7":"pa_brands-beigic","8":"pa_ingredients-coffee-bean-oil-hr","9":"pa_product-type-eksfolijacija","10":"pa_product-type-maska","11":"pa_skin-concerns-pore-care-hr","12":"pa_skin-type-normal-skin-hr","13":"pa_skin-type-dry-skin-hr","14":"pa_skin-type-all-skin-types-hr","15":"pa_skin-type-mature-skin-hr","17":"first","18":"instock","19":"taxable","20":"shipping-taxable","21":"purchasable","22":"product-type-simple"},"acf":[],"_links":{"self":[{"href":"https:\/\/divotecosmetics.com\/hr\/wp-json\/wp\/v2\/product\/1367","targetHints":{"allow":["GET"]}}],"collection":[{"href":"https:\/\/divotecosmetics.com\/hr\/wp-json\/wp\/v2\/product"}],"about":[{"href":"https:\/\/divotecosmetics.com\/hr\/wp-json\/wp\/v2\/types\/product"}],"replies":[{"embeddable":true,"href":"https:\/\/divotecosmetics.com\/hr\/wp-json\/wp\/v2\/comments?post=1367"}],"wp:featuredmedia":[{"embeddable":true,"href":"https:\/\/divotecosmetics.com\/hr\/wp-json\/wp\/v2\/media\/4574"}],"wp:attachment":[{"href":"https:\/\/divotecosmetics.com\/hr\/wp-json\/wp\/v2\/media?parent=1367"}],"wp:term":[{"taxonomy":"product_brand","embeddable":true,"href":"https:\/\/divotecosmetics.com\/hr\/wp-json\/wp\/v2\/product_brand?post=1367"},{"taxonomy":"product_cat","embeddable":true,"href":"https:\/\/divotecosmetics.com\/hr\/wp-json\/wp\/v2\/product_cat?post=1367"},{"taxonomy":"product_tag","embeddable":true,"href":"https:\/\/divotecosmetics.com\/hr\/wp-json\/wp\/v2\/product_tag?post=1367"}],"curies":[{"name":"wp","href":"https:\/\/api.w.org\/{rel}","templated":true}]}}