{"id":3262,"date":"2024-06-08T13:21:11","date_gmt":"2024-06-08T11:21:11","guid":{"rendered":"http:\/\/divotecosmetics.com\/?page_id=3262"},"modified":"2025-11-21T15:02:03","modified_gmt":"2025-11-21T14:02:03","slug":"jamstvo-i-reklamacije","status":"publish","type":"page","link":"https:\/\/divotecosmetics.com\/hr\/jamstvo-i-reklamacije\/","title":{"rendered":"Jamstvo i reklamacije"},"content":{"rendered":"\r\n<h1 class=\"wp-block-heading\">\u00a0<\/h1>\r\n\r\n\r\n\r\n<p>&nbsp;<\/p>\r\n","protected":false},"excerpt":{"rendered":"<p>\u00a0 &nbsp;<\/p>\n","protected":false},"author":28,"featured_media":7117,"parent":0,"menu_order":0,"comment_status":"closed","ping_status":"closed","template":"tpl-flexible.php","meta":{"_acf_changed":false,"_seopress_robots_primary_cat":"","_seopress_titles_title":"Jamstvo i reklamacije - Divote Cosmetics","_seopress_titles_desc":"Jamstvo i reklamacije - na\u0161a politika je da \u0107e se DIVOTE COSMETICS nadoknaditi kupcu u obliku poklon bona. Otklanjanje nedostatka kupac mo\u017ee..","_seopress_robots_index":"","inline_featured_image":false,"footnotes":""},"class_list":["post-3262","page","type-page","status-publish","has-post-thumbnail","hentry"],"acf":[],"_links":{"self":[{"href":"https:\/\/divotecosmetics.com\/hr\/wp-json\/wp\/v2\/pages\/3262","targetHints":{"allow":["GET"]}}],"collection":[{"href":"https:\/\/divotecosmetics.com\/hr\/wp-json\/wp\/v2\/pages"}],"about":[{"href":"https:\/\/divotecosmetics.com\/hr\/wp-json\/wp\/v2\/types\/page"}],"author":[{"embeddable":true,"href":"https:\/\/divotecosmetics.com\/hr\/wp-json\/wp\/v2\/users\/28"}],"replies":[{"embeddable":true,"href":"https:\/\/divotecosmetics.com\/hr\/wp-json\/wp\/v2\/comments?post=3262"}],"version-history":[{"count":5,"href":"https:\/\/divotecosmetics.com\/hr\/wp-json\/wp\/v2\/pages\/3262\/revisions"}],"predecessor-version":[{"id":3269,"href":"https:\/\/divotecosmetics.com\/hr\/wp-json\/wp\/v2\/pages\/3262\/revisions\/3269"}],"wp:featuredmedia":[{"embeddable":true,"href":"https:\/\/divotecosmetics.com\/hr\/wp-json\/wp\/v2\/media\/7117"}],"wp:attachment":[{"href":"https:\/\/divotecosmetics.com\/hr\/wp-json\/wp\/v2\/media?parent=3262"}],"curies":[{"name":"wp","href":"https:\/\/api.w.org\/{rel}","templated":true}]}}