{"id":1354,"date":"2024-04-18T06:59:39","date_gmt":"2024-04-18T04:59:39","guid":{"rendered":"http:\/\/divotecosmetics.com\/home\/"},"modified":"2026-04-09T13:17:08","modified_gmt":"2026-04-09T11:17:08","slug":"home","status":"publish","type":"page","link":"https:\/\/divotecosmetics.com\/hr\/","title":{"rendered":"Home"},"content":{"rendered":"","protected":false},"excerpt":{"rendered":"","protected":false},"author":1,"featured_media":7117,"parent":0,"menu_order":0,"comment_status":"closed","ping_status":"closed","template":"tpl-flexible.php","meta":{"_acf_changed":false,"_seopress_robots_primary_cat":"","_seopress_titles_title":"Korejska kozmetika - Divote Cosmetics","_seopress_titles_desc":"Korejska kozmetika u Divote - Va\u0161e odredi\u0161te za \u010distu korejsku kozmetiku. Iskusite jednostavnost i brze rezultate na\u0161ih pa\u017eljivo odabranih proizvoda.","_seopress_robots_index":"","inline_featured_image":false,"footnotes":""},"class_list":["post-1354","page","type-page","status-publish","has-post-thumbnail","hentry"],"acf":[],"_links":{"self":[{"href":"https:\/\/divotecosmetics.com\/hr\/wp-json\/wp\/v2\/pages\/1354","targetHints":{"allow":["GET"]}}],"collection":[{"href":"https:\/\/divotecosmetics.com\/hr\/wp-json\/wp\/v2\/pages"}],"about":[{"href":"https:\/\/divotecosmetics.com\/hr\/wp-json\/wp\/v2\/types\/page"}],"author":[{"embeddable":true,"href":"https:\/\/divotecosmetics.com\/hr\/wp-json\/wp\/v2\/users\/1"}],"replies":[{"embeddable":true,"href":"https:\/\/divotecosmetics.com\/hr\/wp-json\/wp\/v2\/comments?post=1354"}],"version-history":[{"count":182,"href":"https:\/\/divotecosmetics.com\/hr\/wp-json\/wp\/v2\/pages\/1354\/revisions"}],"predecessor-version":[{"id":8793,"href":"https:\/\/divotecosmetics.com\/hr\/wp-json\/wp\/v2\/pages\/1354\/revisions\/8793"}],"wp:featuredmedia":[{"embeddable":true,"href":"https:\/\/divotecosmetics.com\/hr\/wp-json\/wp\/v2\/media\/7117"}],"wp:attachment":[{"href":"https:\/\/divotecosmetics.com\/hr\/wp-json\/wp\/v2\/media?parent=1354"}],"curies":[{"name":"wp","href":"https:\/\/api.w.org\/{rel}","templated":true}]}}