{"id":1352,"date":"2024-04-23T06:35:39","date_gmt":"2024-04-23T04:35:39","guid":{"rendered":"http:\/\/divotecosmetics.com\/about\/"},"modified":"2025-11-22T13:09:55","modified_gmt":"2025-11-22T12:09:55","slug":"o-nama","status":"publish","type":"page","link":"https:\/\/divotecosmetics.com\/hr\/o-nama\/","title":{"rendered":"O nama"},"content":{"rendered":"","protected":false},"excerpt":{"rendered":"","protected":false},"author":1,"featured_media":4812,"parent":0,"menu_order":0,"comment_status":"closed","ping_status":"closed","template":"tpl-flexible.php","meta":{"_acf_changed":false,"_seopress_robots_primary_cat":"","_seopress_titles_title":"Tko smo mi? Pri\u010da o Divote cosmetics i korejskoj kozmetici","_seopress_titles_desc":"Upoznajte tim koji stoji iza Divote cosmetics i na\u0161u pri\u010du o uvozu najbolje korejske kozmetike u Hrvatsku. Otkrijte za\u0161to smo prvi izbor za K-Beauty!","_seopress_robots_index":"","inline_featured_image":false,"footnotes":""},"class_list":["post-1352","page","type-page","status-publish","has-post-thumbnail","hentry"],"acf":[],"_links":{"self":[{"href":"https:\/\/divotecosmetics.com\/hr\/wp-json\/wp\/v2\/pages\/1352","targetHints":{"allow":["GET"]}}],"collection":[{"href":"https:\/\/divotecosmetics.com\/hr\/wp-json\/wp\/v2\/pages"}],"about":[{"href":"https:\/\/divotecosmetics.com\/hr\/wp-json\/wp\/v2\/types\/page"}],"author":[{"embeddable":true,"href":"https:\/\/divotecosmetics.com\/hr\/wp-json\/wp\/v2\/users\/1"}],"replies":[{"embeddable":true,"href":"https:\/\/divotecosmetics.com\/hr\/wp-json\/wp\/v2\/comments?post=1352"}],"version-history":[{"count":16,"href":"https:\/\/divotecosmetics.com\/hr\/wp-json\/wp\/v2\/pages\/1352\/revisions"}],"predecessor-version":[{"id":7060,"href":"https:\/\/divotecosmetics.com\/hr\/wp-json\/wp\/v2\/pages\/1352\/revisions\/7060"}],"wp:featuredmedia":[{"embeddable":true,"href":"https:\/\/divotecosmetics.com\/hr\/wp-json\/wp\/v2\/media\/4812"}],"wp:attachment":[{"href":"https:\/\/divotecosmetics.com\/hr\/wp-json\/wp\/v2\/media?parent=1352"}],"curies":[{"name":"wp","href":"https:\/\/api.w.org\/{rel}","templated":true}]}}