{"id":1351,"date":"2024-04-25T07:26:48","date_gmt":"2024-04-25T05:26:48","guid":{"rendered":"http:\/\/divotecosmetics.com\/blog\/"},"modified":"2025-11-16T15:56:24","modified_gmt":"2025-11-16T14:56:24","slug":"blog","status":"publish","type":"page","link":"https:\/\/divotecosmetics.com\/hr\/blog\/","title":{"rendered":"Blog"},"content":{"rendered":"","protected":false},"excerpt":{"rendered":"","protected":false},"author":1,"featured_media":0,"parent":0,"menu_order":0,"comment_status":"closed","ping_status":"closed","template":"tpl-flexible.php","meta":{"_acf_changed":false,"_seopress_robots_primary_cat":"","_seopress_titles_title":"Korejska kozmetika - Blog o korejskoj kozmetici | Divote","_seopress_titles_desc":"Korejska kozmetika i najbolji K-beauty savjeti, vodi\u010di za njegu ko\u017ee, tipove ko\u017ee i korejske rutine. Sve to na Divote cosmetics blogu","_seopress_robots_index":"","inline_featured_image":false,"footnotes":""},"class_list":["post-1351","page","type-page","status-publish","hentry"],"acf":[],"_links":{"self":[{"href":"https:\/\/divotecosmetics.com\/hr\/wp-json\/wp\/v2\/pages\/1351","targetHints":{"allow":["GET"]}}],"collection":[{"href":"https:\/\/divotecosmetics.com\/hr\/wp-json\/wp\/v2\/pages"}],"about":[{"href":"https:\/\/divotecosmetics.com\/hr\/wp-json\/wp\/v2\/types\/page"}],"author":[{"embeddable":true,"href":"https:\/\/divotecosmetics.com\/hr\/wp-json\/wp\/v2\/users\/1"}],"replies":[{"embeddable":true,"href":"https:\/\/divotecosmetics.com\/hr\/wp-json\/wp\/v2\/comments?post=1351"}],"version-history":[{"count":4,"href":"https:\/\/divotecosmetics.com\/hr\/wp-json\/wp\/v2\/pages\/1351\/revisions"}],"predecessor-version":[{"id":7129,"href":"https:\/\/divotecosmetics.com\/hr\/wp-json\/wp\/v2\/pages\/1351\/revisions\/7129"}],"wp:attachment":[{"href":"https:\/\/divotecosmetics.com\/hr\/wp-json\/wp\/v2\/media?parent=1351"}],"curies":[{"name":"wp","href":"https:\/\/api.w.org\/{rel}","templated":true}]}}