{"id":1347,"date":"2024-06-08T13:07:07","date_gmt":"2024-06-08T11:07:07","guid":{"rendered":"http:\/\/divotecosmetics.com\/terms-and-conditions\/"},"modified":"2026-01-20T14:56:03","modified_gmt":"2026-01-20T13:56:03","slug":"opci-uvjeti-poslovanja","status":"publish","type":"page","link":"https:\/\/divotecosmetics.com\/hr\/opci-uvjeti-poslovanja\/","title":{"rendered":"Op\u0107i uvjeti poslovanja"},"content":{"rendered":"","protected":false},"excerpt":{"rendered":"","protected":false},"author":3,"featured_media":5544,"parent":0,"menu_order":0,"comment_status":"closed","ping_status":"closed","template":"tpl-flexible.php","meta":{"_acf_changed":false,"_seopress_robots_primary_cat":"","_seopress_titles_title":"Op\u0107i uvjeti poslovanja - Divote Cosmetics","_seopress_titles_desc":"Op\u0107i uvjeti poslovanja tvrtke Henson d.o.o. koja stoji iza web trgovine Divote Cosmetics mo\u017eete pro\u010ditati na ovoj stranici","_seopress_robots_index":"","inline_featured_image":false,"footnotes":""},"class_list":["post-1347","page","type-page","status-publish","has-post-thumbnail","hentry"],"acf":[],"_links":{"self":[{"href":"https:\/\/divotecosmetics.com\/hr\/wp-json\/wp\/v2\/pages\/1347","targetHints":{"allow":["GET"]}}],"collection":[{"href":"https:\/\/divotecosmetics.com\/hr\/wp-json\/wp\/v2\/pages"}],"about":[{"href":"https:\/\/divotecosmetics.com\/hr\/wp-json\/wp\/v2\/types\/page"}],"author":[{"embeddable":true,"href":"https:\/\/divotecosmetics.com\/hr\/wp-json\/wp\/v2\/users\/3"}],"replies":[{"embeddable":true,"href":"https:\/\/divotecosmetics.com\/hr\/wp-json\/wp\/v2\/comments?post=1347"}],"version-history":[{"count":16,"href":"https:\/\/divotecosmetics.com\/hr\/wp-json\/wp\/v2\/pages\/1347\/revisions"}],"predecessor-version":[{"id":8296,"href":"https:\/\/divotecosmetics.com\/hr\/wp-json\/wp\/v2\/pages\/1347\/revisions\/8296"}],"wp:featuredmedia":[{"embeddable":true,"href":"https:\/\/divotecosmetics.com\/hr\/wp-json\/wp\/v2\/media\/5544"}],"wp:attachment":[{"href":"https:\/\/divotecosmetics.com\/hr\/wp-json\/wp\/v2\/media?parent=1347"}],"curies":[{"name":"wp","href":"https:\/\/api.w.org\/{rel}","templated":true}]}}