{"id":1342,"date":"2024-06-09T06:56:57","date_gmt":"2024-06-09T04:56:57","guid":{"rendered":"http:\/\/divotecosmetics.com\/cookie-policy\/"},"modified":"2025-11-16T16:20:27","modified_gmt":"2025-11-16T15:20:27","slug":"cookie-policy","status":"publish","type":"page","link":"https:\/\/divotecosmetics.com\/hr\/cookie-policy\/","title":{"rendered":"Cookie Policy"},"content":{"rendered":"","protected":false},"excerpt":{"rendered":"","protected":false},"author":4,"featured_media":0,"parent":0,"menu_order":0,"comment_status":"closed","ping_status":"closed","template":"tpl-flexible.php","meta":{"_acf_changed":false,"_seopress_robots_primary_cat":"","_seopress_titles_title":"Cookie Policy - Divote Cosmetics","_seopress_titles_desc":"Kola\u010di\u0107i su male tekstne datoteke koju va\u0161 preglednik pohranjuje na ra\u010dunalo ili mobilni ure\u0111aj pri posjetu odre\u0111enom web-mjestu.","_seopress_robots_index":"","inline_featured_image":false,"footnotes":""},"class_list":["post-1342","page","type-page","status-publish","hentry"],"acf":[],"_links":{"self":[{"href":"https:\/\/divotecosmetics.com\/hr\/wp-json\/wp\/v2\/pages\/1342","targetHints":{"allow":["GET"]}}],"collection":[{"href":"https:\/\/divotecosmetics.com\/hr\/wp-json\/wp\/v2\/pages"}],"about":[{"href":"https:\/\/divotecosmetics.com\/hr\/wp-json\/wp\/v2\/types\/page"}],"author":[{"embeddable":true,"href":"https:\/\/divotecosmetics.com\/hr\/wp-json\/wp\/v2\/users\/4"}],"replies":[{"embeddable":true,"href":"https:\/\/divotecosmetics.com\/hr\/wp-json\/wp\/v2\/comments?post=1342"}],"version-history":[{"count":8,"href":"https:\/\/divotecosmetics.com\/hr\/wp-json\/wp\/v2\/pages\/1342\/revisions"}],"predecessor-version":[{"id":1754,"href":"https:\/\/divotecosmetics.com\/hr\/wp-json\/wp\/v2\/pages\/1342\/revisions\/1754"}],"wp:attachment":[{"href":"https:\/\/divotecosmetics.com\/hr\/wp-json\/wp\/v2\/media?parent=1342"}],"curies":[{"name":"wp","href":"https:\/\/api.w.org\/{rel}","templated":true}]}}