{"id":1016,"date":"2024-04-18T10:40:33","date_gmt":"2024-04-18T08:40:33","guid":{"rendered":"http:\/\/divotecosmetics.com\/cart\/"},"modified":"2025-11-22T13:02:10","modified_gmt":"2025-11-22T12:02:10","slug":"cart","status":"publish","type":"page","link":"https:\/\/divotecosmetics.com\/hr\/cart\/","title":{"rendered":"Ko\u0161arica"},"content":{"rendered":"\n<div data-block-name=\"woocommerce\/cart\" class=\"wp-block-woocommerce-cart alignwide is-loading\">\n<div data-block-name=\"woocommerce\/filled-cart-block\" class=\"wp-block-woocommerce-filled-cart-block\">\n<div data-block-name=\"woocommerce\/cart-items-block\" class=\"wp-block-woocommerce-cart-items-block\">\n<p>KO\u0160ARICA<\/p>\n\n\n\n<div data-block-name=\"woocommerce\/cart-line-items-block\" class=\"wp-block-woocommerce-cart-line-items-block\"><\/div>\n\n\n\n<div data-block-name=\"woocommerce\/cart-cross-sells-block\" class=\"wp-block-woocommerce-cart-cross-sells-block\">\n<h2 class=\"wp-block-heading has-large-font-size\">You may be interested in\u2026<\/h2>\n\n\n\n<div data-block-name=\"woocommerce\/cart-cross-sells-products-block\" class=\"wp-block-woocommerce-cart-cross-sells-products-block\"><\/div>\n<\/div>\n<\/div>\n\n\n\n<div data-block-name=\"woocommerce\/cart-totals-block\" class=\"wp-block-woocommerce-cart-totals-block\">\n<div data-block-name=\"woocommerce\/cart-order-summary-block\" class=\"wp-block-woocommerce-cart-order-summary-block\">\n<div data-block-name=\"woocommerce\/cart-order-summary-heading-block\" class=\"wp-block-woocommerce-cart-order-summary-heading-block\"><\/div>\n\n\n\n<div data-block-name=\"woocommerce\/cart-order-summary-coupon-form-block\" class=\"wp-block-woocommerce-cart-order-summary-coupon-form-block\"><\/div>\n\n\n\n<div data-block-name=\"woocommerce\/cart-order-summary-totals-block\" class=\"wp-block-woocommerce-cart-order-summary-totals-block\">\n<div data-block-name=\"woocommerce\/cart-order-summary-subtotal-block\" class=\"wp-block-woocommerce-cart-order-summary-subtotal-block\"><\/div>\n\n\n\n<div data-block-name=\"woocommerce\/cart-order-summary-fee-block\" class=\"wp-block-woocommerce-cart-order-summary-fee-block\"><\/div>\n\n\n\n<div data-block-name=\"woocommerce\/cart-order-summary-discount-block\" class=\"wp-block-woocommerce-cart-order-summary-discount-block\"><\/div>\n\n\n\n<div data-block-name=\"woocommerce\/cart-order-summary-shipping-block\" class=\"wp-block-woocommerce-cart-order-summary-shipping-block\"><\/div>\n\n\n\n<div data-block-name=\"woocommerce\/cart-order-summary-taxes-block\" class=\"wp-block-woocommerce-cart-order-summary-taxes-block\"><\/div>\n<\/div>\n<\/div>\n\n\n\n<div data-block-name=\"woocommerce\/cart-express-payment-block\" class=\"wp-block-woocommerce-cart-express-payment-block\"><\/div>\n\n\n\n<p><\/p>\n\n\n\n<div data-block-name=\"woocommerce\/proceed-to-checkout-block\" class=\"wp-block-woocommerce-proceed-to-checkout-block\"><\/div>\n\n\n\n<div data-block-name=\"woocommerce\/cart-accepted-payment-methods-block\" class=\"wp-block-woocommerce-cart-accepted-payment-methods-block\"><\/div>\n<\/div>\n<\/div>\n\n\n\n<div data-block-name=\"woocommerce\/empty-cart-block\" class=\"wp-block-woocommerce-empty-cart-block\">\n<h2 class=\"wp-block-heading has-text-align-center with-empty-cart-icon wc-block-cart__empty-cart__title\">Va\u0161a ko\u0161arica je trenutno prazna!<\/h2>\n\n\n\n<hr class=\"wp-block-separator has-alpha-channel-opacity is-style-dots\"\/>\n\n\n\n<h2 class=\"wp-block-heading has-text-align-center\">New in store<\/h2>\n\n\n<div data-block-name=\"woocommerce\/product-new\" data-columns=\"4\" data-rows=\"1\" class=\"wc-block-grid wp-block-product-new wp-block-woocommerce-product-new wc-block-product-new has-4-columns\"><ul class=\"wc-block-grid__products\"><li class=\"wc-block-grid__product\"><span class=\"gtm4wp_productdata\" style=\"display:none; visibility:hidden;\" data-gtm4wp_product_data=\"{&quot;internal_id&quot;:8192,&quot;item_id&quot;:8192,&quot;item_name&quot;:&quot;Beigic duo za volumen i obnovu kose (250 g + 200 g) + BESPLATNA \\u010detka za masa\\u017eu vlasi\\u0161ta&quot;,&quot;sku&quot;:8192,&quot;price&quot;:95,&quot;stocklevel&quot;:25,&quot;stockstatus&quot;:&quot;instock&quot;,&quot;google_business_vertical&quot;:&quot;custom&quot;,&quot;item_category&quot;:&quot;Njega kose&quot;,&quot;id&quot;:8192,&quot;productlink&quot;:&quot;https:\\\/\\\/divotecosmetics.com\\\/hr\\\/shop\\\/njega-kose\\\/beigic-duo-za-volumen-i-obnovu-kose-250-g-200-g-besplatna-cetka-za-masazu-vlasista\\\/&quot;,&quot;item_list_name&quot;:&quot;General Product List&quot;,&quot;index&quot;:0,&quot;product_type&quot;:&quot;simple&quot;,&quot;item_brand&quot;:&quot;&quot;}\"><\/span>\n\t\t\t\t<a href=\"https:\/\/divotecosmetics.com\/hr\/shop\/njega-kose\/beigic-duo-za-volumen-i-obnovu-kose-250-g-200-g-besplatna-cetka-za-masazu-vlasista\/\" class=\"wc-block-grid__product-link\">\n\t\t\t\t\t\n\t\t\t\t\t<div class=\"wc-block-grid__product-image\"><img decoding=\"async\" width=\"300\" height=\"300\" src=\"https:\/\/divotecosmetics.com\/wp-content\/uploads\/2026\/01\/Dizajn-bez-naslova-20-300x300.png\" class=\"attachment-woocommerce_thumbnail size-woocommerce_thumbnail\" alt=\"Beigic duo za volumen i obnovu kose (250 g + 200 g) + BESPLATNA \u010detka za masa\u017eu vlasi\u0161ta\" srcset=\"https:\/\/divotecosmetics.com\/wp-content\/uploads\/2026\/01\/Dizajn-bez-naslova-20-300x300.png 300w, https:\/\/divotecosmetics.com\/wp-content\/uploads\/2026\/01\/Dizajn-bez-naslova-20-150x150.png 150w, https:\/\/divotecosmetics.com\/wp-content\/uploads\/2026\/01\/Dizajn-bez-naslova-20-768x768.png 768w, https:\/\/divotecosmetics.com\/wp-content\/uploads\/2026\/01\/Dizajn-bez-naslova-20-710x710.png 710w, https:\/\/divotecosmetics.com\/wp-content\/uploads\/2026\/01\/Dizajn-bez-naslova-20-950x950.png 950w, https:\/\/divotecosmetics.com\/wp-content\/uploads\/2026\/01\/Dizajn-bez-naslova-20-854x854.png 854w, https:\/\/divotecosmetics.com\/wp-content\/uploads\/2026\/01\/Dizajn-bez-naslova-20-785x785.png 785w, https:\/\/divotecosmetics.com\/wp-content\/uploads\/2026\/01\/Dizajn-bez-naslova-20-945x945.png 945w, https:\/\/divotecosmetics.com\/wp-content\/uploads\/2026\/01\/Dizajn-bez-naslova-20-420x420.png 420w, https:\/\/divotecosmetics.com\/wp-content\/uploads\/2026\/01\/Dizajn-bez-naslova-20-400x400.png 400w, https:\/\/divotecosmetics.com\/wp-content\/uploads\/2026\/01\/Dizajn-bez-naslova-20-600x600.png 600w, https:\/\/divotecosmetics.com\/wp-content\/uploads\/2026\/01\/Dizajn-bez-naslova-20-100x100.png 100w, https:\/\/divotecosmetics.com\/wp-content\/uploads\/2026\/01\/Dizajn-bez-naslova-20.png 1000w\" sizes=\"(max-width: 300px) 100vw, 300px\" \/><\/div>\n\t\t\t\t\t<div class=\"wc-block-grid__product-title\">Beigic duo za volumen i obnovu kose (250 g + 200 g) + BESPLATNA \u010detka za masa\u017eu vlasi\u0161ta<\/div>\n\t\t\t\t<\/a>\n\t\t\t\t<div class=\"wc-block-grid__product-price price\"><span class=\"woocommerce-Price-amount amount\">95,00&nbsp;<span class=\"woocommerce-Price-currencySymbol\">&euro;<\/span><\/span><\/div>\n\t\t\t\t\n\t\t\t\t<div class=\"wp-block-button wc-block-grid__product-add-to-cart\"><a href=\"\/hr\/wp-json\/wp\/v2\/pages\/1016?add-to-cart=8192\" aria-label=\"Dodaj u ko\u0161aricu: &quot;Beigic duo za volumen i obnovu kose (250 g + 200 g) + BESPLATNA \u010detka za masa\u017eu vlasi\u0161ta&quot;\" data-quantity=\"1\" data-product_id=\"8192\" data-product_sku=\"\" data-price=\"95\" rel=\"nofollow\" class=\"wp-block-button__link  add_to_cart_button ajax_add_to_cart\">Dodaj u ko\u0161aricu<\/a><\/div>\n\t\t\t<\/li><li class=\"wc-block-grid__product\"><span class=\"gtm4wp_productdata\" style=\"display:none; visibility:hidden;\" data-gtm4wp_product_data=\"{&quot;internal_id&quot;:6487,&quot;item_id&quot;:6487,&quot;item_name&quot;:&quot;Mixsoon Master Serum&quot;,&quot;sku&quot;:6487,&quot;price&quot;:17,&quot;stocklevel&quot;:null,&quot;stockstatus&quot;:&quot;instock&quot;,&quot;google_business_vertical&quot;:&quot;custom&quot;,&quot;item_category&quot;:&quot;Njega ko\\u017ee&quot;,&quot;id&quot;:6487,&quot;productlink&quot;:&quot;https:\\\/\\\/divotecosmetics.com\\\/hr\\\/shop\\\/njega-koze\\\/mixsoon-master-serum\\\/&quot;,&quot;item_list_name&quot;:&quot;General Product List&quot;,&quot;index&quot;:0,&quot;product_type&quot;:&quot;simple&quot;,&quot;item_brand&quot;:&quot;&quot;}\"><\/span>\n\t\t\t\t<a href=\"https:\/\/divotecosmetics.com\/hr\/shop\/njega-koze\/mixsoon-master-serum\/\" class=\"wc-block-grid__product-link\">\n\t\t\t\t\t\n\t\t\t\t\t<div class=\"wc-block-grid__product-image\"><img decoding=\"async\" width=\"300\" height=\"300\" src=\"https:\/\/divotecosmetics.com\/wp-content\/uploads\/2025\/07\/Master_serum_30_\uc6a9\uae30-1-300x300.png\" class=\"attachment-woocommerce_thumbnail size-woocommerce_thumbnail\" alt=\"Bo\u010dica seruma &#039;mixsoon Master Serum&#039; od 30 ml, popularna u korejskoj kozmetici i divote cosmetics asortimanu.\" srcset=\"https:\/\/divotecosmetics.com\/wp-content\/uploads\/2025\/07\/Master_serum_30_\uc6a9\uae30-1-300x300.png 300w, https:\/\/divotecosmetics.com\/wp-content\/uploads\/2025\/07\/Master_serum_30_\uc6a9\uae30-1-150x150.png 150w, https:\/\/divotecosmetics.com\/wp-content\/uploads\/2025\/07\/Master_serum_30_\uc6a9\uae30-1-1190x1190.png 1190w, https:\/\/divotecosmetics.com\/wp-content\/uploads\/2025\/07\/Master_serum_30_\uc6a9\uae30-1-950x950.png 950w, https:\/\/divotecosmetics.com\/wp-content\/uploads\/2025\/07\/Master_serum_30_\uc6a9\uae30-1-945x945.png 945w, https:\/\/divotecosmetics.com\/wp-content\/uploads\/2025\/07\/Master_serum_30_\uc6a9\uae30-1-420x420.png 420w, https:\/\/divotecosmetics.com\/wp-content\/uploads\/2025\/07\/Master_serum_30_\uc6a9\uae30-1-400x400.png 400w, https:\/\/divotecosmetics.com\/wp-content\/uploads\/2025\/07\/Master_serum_30_\uc6a9\uae30-1-600x600.png 600w, https:\/\/divotecosmetics.com\/wp-content\/uploads\/2025\/07\/Master_serum_30_\uc6a9\uae30-1-100x100.png 100w\" sizes=\"(max-width: 300px) 100vw, 300px\" \/><\/div>\n\t\t\t\t\t<div class=\"wc-block-grid__product-title\">Mixsoon Master Serum<\/div>\n\t\t\t\t<\/a>\n\t\t\t\t<div class=\"wc-block-grid__product-price price\"><span class=\"woocommerce-Price-amount amount\">17,00&nbsp;<span class=\"woocommerce-Price-currencySymbol\">&euro;<\/span><\/span><\/div>\n\t\t\t\t\n\t\t\t\t<div class=\"wp-block-button wc-block-grid__product-add-to-cart\"><a href=\"\/hr\/wp-json\/wp\/v2\/pages\/1016?add-to-cart=6487\" aria-label=\"Dodaj u ko\u0161aricu: &quot;Mixsoon Master Serum&quot;\" data-quantity=\"1\" data-product_id=\"6487\" data-product_sku=\"\" data-price=\"17\" rel=\"nofollow\" class=\"wp-block-button__link  add_to_cart_button ajax_add_to_cart\">Dodaj u ko\u0161aricu<\/a><\/div>\n\t\t\t<\/li><li class=\"wc-block-grid__product\"><span class=\"gtm4wp_productdata\" style=\"display:none; visibility:hidden;\" data-gtm4wp_product_data=\"{&quot;internal_id&quot;:6452,&quot;item_id&quot;:6452,&quot;item_name&quot;:&quot;mixsoon Master pjenasti \\u010dista\\u010d&quot;,&quot;sku&quot;:6452,&quot;price&quot;:21,&quot;stocklevel&quot;:27,&quot;stockstatus&quot;:&quot;instock&quot;,&quot;google_business_vertical&quot;:&quot;custom&quot;,&quot;item_category&quot;:&quot;Njega ko\\u017ee&quot;,&quot;id&quot;:6452,&quot;productlink&quot;:&quot;https:\\\/\\\/divotecosmetics.com\\\/hr\\\/shop\\\/njega-koze\\\/mixsoon-master-pjenasti-cistac\\\/&quot;,&quot;item_list_name&quot;:&quot;General Product List&quot;,&quot;index&quot;:0,&quot;product_type&quot;:&quot;simple&quot;,&quot;item_brand&quot;:&quot;&quot;}\"><\/span>\n\t\t\t\t<a href=\"https:\/\/divotecosmetics.com\/hr\/shop\/njega-koze\/mixsoon-master-pjenasti-cistac\/\" class=\"wc-block-grid__product-link\">\n\t\t\t\t\t\n\t\t\t\t\t<div class=\"wc-block-grid__product-image\"><img decoding=\"async\" width=\"300\" height=\"300\" src=\"https:\/\/divotecosmetics.com\/wp-content\/uploads\/2025\/07\/MixsoonMasterGentleRecipeFoamCleanser150ml-300x300.webp\" class=\"attachment-woocommerce_thumbnail size-woocommerce_thumbnail\" alt=\"Zelena tuba Master Gentle Recipe Foam Cleanser iz kolekcije Mixsoon x Unia, popularna kategorija unutar divote kozmetike i korejske kozmetike, sadr\u017ei ekstrakt Centella asiatice i hijaluronsku kiselinu.\" srcset=\"https:\/\/divotecosmetics.com\/wp-content\/uploads\/2025\/07\/MixsoonMasterGentleRecipeFoamCleanser150ml-300x300.webp 300w, https:\/\/divotecosmetics.com\/wp-content\/uploads\/2025\/07\/MixsoonMasterGentleRecipeFoamCleanser150ml-150x150.webp 150w, https:\/\/divotecosmetics.com\/wp-content\/uploads\/2025\/07\/MixsoonMasterGentleRecipeFoamCleanser150ml-768x768.webp 768w, https:\/\/divotecosmetics.com\/wp-content\/uploads\/2025\/07\/MixsoonMasterGentleRecipeFoamCleanser150ml-710x710.webp 710w, https:\/\/divotecosmetics.com\/wp-content\/uploads\/2025\/07\/MixsoonMasterGentleRecipeFoamCleanser150ml-950x950.webp 950w, https:\/\/divotecosmetics.com\/wp-content\/uploads\/2025\/07\/MixsoonMasterGentleRecipeFoamCleanser150ml-854x854.webp 854w, https:\/\/divotecosmetics.com\/wp-content\/uploads\/2025\/07\/MixsoonMasterGentleRecipeFoamCleanser150ml-785x785.webp 785w, https:\/\/divotecosmetics.com\/wp-content\/uploads\/2025\/07\/MixsoonMasterGentleRecipeFoamCleanser150ml-945x945.webp 945w, https:\/\/divotecosmetics.com\/wp-content\/uploads\/2025\/07\/MixsoonMasterGentleRecipeFoamCleanser150ml-420x420.webp 420w, https:\/\/divotecosmetics.com\/wp-content\/uploads\/2025\/07\/MixsoonMasterGentleRecipeFoamCleanser150ml-1000x1000.webp 1000w, https:\/\/divotecosmetics.com\/wp-content\/uploads\/2025\/07\/MixsoonMasterGentleRecipeFoamCleanser150ml-400x400.webp 400w, https:\/\/divotecosmetics.com\/wp-content\/uploads\/2025\/07\/MixsoonMasterGentleRecipeFoamCleanser150ml-600x600.webp 600w, https:\/\/divotecosmetics.com\/wp-content\/uploads\/2025\/07\/MixsoonMasterGentleRecipeFoamCleanser150ml-100x100.webp 100w, https:\/\/divotecosmetics.com\/wp-content\/uploads\/2025\/07\/MixsoonMasterGentleRecipeFoamCleanser150ml.webp 1024w\" sizes=\"(max-width: 300px) 100vw, 300px\" \/><\/div>\n\t\t\t\t\t<div class=\"wc-block-grid__product-title\">mixsoon Master pjenasti \u010dista\u010d<\/div>\n\t\t\t\t<\/a>\n\t\t\t\t<div class=\"wc-block-grid__product-price price\"><span class=\"woocommerce-Price-amount amount\">21,00&nbsp;<span class=\"woocommerce-Price-currencySymbol\">&euro;<\/span><\/span><\/div>\n\t\t\t\t\n\t\t\t\t<div class=\"wp-block-button wc-block-grid__product-add-to-cart\"><a href=\"\/hr\/wp-json\/wp\/v2\/pages\/1016?add-to-cart=6452\" aria-label=\"Dodaj u ko\u0161aricu: &quot;mixsoon Master pjenasti \u010dista\u010d&quot;\" data-quantity=\"1\" data-product_id=\"6452\" data-product_sku=\"\" data-price=\"21\" rel=\"nofollow\" class=\"wp-block-button__link  add_to_cart_button ajax_add_to_cart\">Dodaj u ko\u0161aricu<\/a><\/div>\n\t\t\t<\/li><li class=\"wc-block-grid__product\"><span class=\"gtm4wp_productdata\" style=\"display:none; visibility:hidden;\" data-gtm4wp_product_data=\"{&quot;internal_id&quot;:6363,&quot;item_id&quot;:6363,&quot;item_name&quot;:&quot;Haruharu Wonder serum s centellom i 4% TXA za ubla\\u017eavanje tamnih mrlja&quot;,&quot;sku&quot;:6363,&quot;price&quot;:28,&quot;stocklevel&quot;:14,&quot;stockstatus&quot;:&quot;instock&quot;,&quot;google_business_vertical&quot;:&quot;custom&quot;,&quot;item_category&quot;:&quot;Njega ko\\u017ee&quot;,&quot;id&quot;:6363,&quot;productlink&quot;:&quot;https:\\\/\\\/divotecosmetics.com\\\/hr\\\/shop\\\/njega-koze\\\/haruharu-wonder-serum-s-centellom-i-4-txa-za-ublazavanje-tamnih-mrlja\\\/&quot;,&quot;item_list_name&quot;:&quot;General Product List&quot;,&quot;index&quot;:0,&quot;product_type&quot;:&quot;simple&quot;,&quot;item_brand&quot;:&quot;&quot;}\"><\/span>\n\t\t\t\t<a href=\"https:\/\/divotecosmetics.com\/hr\/shop\/njega-koze\/haruharu-wonder-serum-s-centellom-i-4-txa-za-ublazavanje-tamnih-mrlja\/\" class=\"wc-block-grid__product-link\">\n\t\t\t\t\t\n\t\t\t\t\t<div class=\"wc-block-grid__product-image\"><img decoding=\"async\" width=\"300\" height=\"300\" src=\"https:\/\/divotecosmetics.com\/wp-content\/uploads\/2025\/07\/Haruharu-Wonder-Centella-4-TXA-Dark-Spot-Go-Away-Serum-NASLOVNA1-1-300x300.png\" class=\"attachment-woocommerce_thumbnail size-woocommerce_thumbnail\" alt=\"Bo\u010dica seruma Haruharu Wonder Centella 4% TXA Dark Spot Go Away od 30 ml, dio Divote Cosmetics, primjer korejske kozmetike fokusirane na ujedna\u010davanje tona ko\u017ee.\" srcset=\"https:\/\/divotecosmetics.com\/wp-content\/uploads\/2025\/07\/Haruharu-Wonder-Centella-4-TXA-Dark-Spot-Go-Away-Serum-NASLOVNA1-1-300x300.png 300w, https:\/\/divotecosmetics.com\/wp-content\/uploads\/2025\/07\/Haruharu-Wonder-Centella-4-TXA-Dark-Spot-Go-Away-Serum-NASLOVNA1-1-150x150.png 150w, https:\/\/divotecosmetics.com\/wp-content\/uploads\/2025\/07\/Haruharu-Wonder-Centella-4-TXA-Dark-Spot-Go-Away-Serum-NASLOVNA1-1-768x768.png 768w, https:\/\/divotecosmetics.com\/wp-content\/uploads\/2025\/07\/Haruharu-Wonder-Centella-4-TXA-Dark-Spot-Go-Away-Serum-NASLOVNA1-1-710x710.png 710w, https:\/\/divotecosmetics.com\/wp-content\/uploads\/2025\/07\/Haruharu-Wonder-Centella-4-TXA-Dark-Spot-Go-Away-Serum-NASLOVNA1-1-854x854.png 854w, https:\/\/divotecosmetics.com\/wp-content\/uploads\/2025\/07\/Haruharu-Wonder-Centella-4-TXA-Dark-Spot-Go-Away-Serum-NASLOVNA1-1-785x785.png 785w, https:\/\/divotecosmetics.com\/wp-content\/uploads\/2025\/07\/Haruharu-Wonder-Centella-4-TXA-Dark-Spot-Go-Away-Serum-NASLOVNA1-1-420x420.png 420w, https:\/\/divotecosmetics.com\/wp-content\/uploads\/2025\/07\/Haruharu-Wonder-Centella-4-TXA-Dark-Spot-Go-Away-Serum-NASLOVNA1-1-400x400.png 400w, https:\/\/divotecosmetics.com\/wp-content\/uploads\/2025\/07\/Haruharu-Wonder-Centella-4-TXA-Dark-Spot-Go-Away-Serum-NASLOVNA1-1-600x600.png 600w, https:\/\/divotecosmetics.com\/wp-content\/uploads\/2025\/07\/Haruharu-Wonder-Centella-4-TXA-Dark-Spot-Go-Away-Serum-NASLOVNA1-1-100x100.png 100w, https:\/\/divotecosmetics.com\/wp-content\/uploads\/2025\/07\/Haruharu-Wonder-Centella-4-TXA-Dark-Spot-Go-Away-Serum-NASLOVNA1-1.png 900w\" sizes=\"(max-width: 300px) 100vw, 300px\" \/><\/div>\n\t\t\t\t\t<div class=\"wc-block-grid__product-title\">Haruharu Wonder serum s centellom i 4% TXA za ubla\u017eavanje tamnih mrlja<\/div>\n\t\t\t\t<\/a>\n\t\t\t\t<div class=\"wc-block-grid__product-price price\"><span class=\"woocommerce-Price-amount amount\">28,00&nbsp;<span class=\"woocommerce-Price-currencySymbol\">&euro;<\/span><\/span><\/div>\n\t\t\t\t\n\t\t\t\t<div class=\"wp-block-button wc-block-grid__product-add-to-cart\"><a href=\"\/hr\/wp-json\/wp\/v2\/pages\/1016?add-to-cart=6363\" aria-label=\"Dodaj u ko\u0161aricu: &quot;Haruharu Wonder serum s centellom i 4% TXA za ubla\u017eavanje tamnih mrlja&quot;\" data-quantity=\"1\" data-product_id=\"6363\" data-product_sku=\"\" data-price=\"28\" rel=\"nofollow\" class=\"wp-block-button__link  add_to_cart_button ajax_add_to_cart\">Dodaj u ko\u0161aricu<\/a><\/div>\n\t\t\t<\/li><\/ul><\/div><\/div>\n<\/div>\n","protected":false},"excerpt":{"rendered":"","protected":false},"author":1,"featured_media":0,"parent":0,"menu_order":0,"comment_status":"closed","ping_status":"closed","template":"","meta":{"_acf_changed":false,"_seopress_robots_primary_cat":"","_seopress_titles_title":"Va\u0161a ko\u0161arica - Divote Cosmetics","_seopress_titles_desc":"Uz SVAKU VA\u0160U NARUD\u017dBU pokloni: Isntree MUGWORT CALMING GAUZE MASK,  Maska za lice & vrat , razni mini testeri","_seopress_robots_index":"","inline_featured_image":false,"footnotes":""},"class_list":["post-1016","page","type-page","status-publish","hentry"],"acf":[],"_links":{"self":[{"href":"https:\/\/divotecosmetics.com\/hr\/wp-json\/wp\/v2\/pages\/1016","targetHints":{"allow":["GET"]}}],"collection":[{"href":"https:\/\/divotecosmetics.com\/hr\/wp-json\/wp\/v2\/pages"}],"about":[{"href":"https:\/\/divotecosmetics.com\/hr\/wp-json\/wp\/v2\/types\/page"}],"author":[{"embeddable":true,"href":"https:\/\/divotecosmetics.com\/hr\/wp-json\/wp\/v2\/users\/1"}],"replies":[{"embeddable":true,"href":"https:\/\/divotecosmetics.com\/hr\/wp-json\/wp\/v2\/comments?post=1016"}],"version-history":[{"count":7,"href":"https:\/\/divotecosmetics.com\/hr\/wp-json\/wp\/v2\/pages\/1016\/revisions"}],"predecessor-version":[{"id":7182,"href":"https:\/\/divotecosmetics.com\/hr\/wp-json\/wp\/v2\/pages\/1016\/revisions\/7182"}],"wp:attachment":[{"href":"https:\/\/divotecosmetics.com\/hr\/wp-json\/wp\/v2\/media?parent=1016"}],"curies":[{"name":"wp","href":"https:\/\/api.w.org\/{rel}","templated":true}]}}